

























{"id":3702,"date":"2024-09-06T08:35:24","date_gmt":"2024-09-06T08:35:24","guid":{"rendered":"https:\/\/hataphar.com.vn\/?post_type=product&#038;p=3702"},"modified":"2024-09-06T08:35:24","modified_gmt":"2024-09-06T08:35:24","slug":"tpbvsk-bosugold","status":"publish","type":"product","link":"https:\/\/hataphar.com.vn\/en\/product\/tpbvsk-bosugold\/","title":{"rendered":"TPBVSK Bosugold"},"content":{"rendered":"<h2><strong>Th\u00e0nh ph\u1ea7n<\/strong><\/h2>\n<p>M\u1ed7i vi\u00ean nang m\u1ec1m ch\u1ee9a:<\/p>\n<p>B\u1ed9t \u0111\u1ea1m th\u1ee7y ph\u00e2n t\u1eeb m\u00e1u ng\u1ef1a &#8230;&#8230;&#8230;&#8230;&#8230;&#8230;&#8230;&#8230;&#8230;&#8230;&#8230;&#8230;&#8230;&#8230;&#8230;&#8230;&#8230;&#8230;&#8230;&#8230;250mg<\/p>\n<p>( C\u00f3 ch\u1ee9 16 acid amin: aspartic, glutamic, serin, histidin, glycin, threonin, alanin, arginin, tyrosin, valin, methionin, phenylalanin, isoleucin, leucin, lysin, prolin)<\/p>\n<p>Lysin HCl&#8230;&#8230;&#8230;&#8230;&#8230;&#8230;&#8230;&#8230;&#8230;&#8230;&#8230;&#8230;&#8230;&#8230;&#8230;&#8230;&#8230;&#8230;&#8230;&#8230;&#8230;&#8230;&#8230;&#8230;..50mg<\/p>\n<p>Cao Linh chi&#8230;&#8230;&#8230;&#8230;&#8230;&#8230;&#8230;&#8230;&#8230;&#8230;&#8230;&#8230;&#8230;&#8230;&#8230;&#8230;&#8230;&#8230;&#8230;&#8230;&#8230;&#8230;&#8230;50mg<\/p>\n<p>Calci glucoheptonat&#8230;&#8230;&#8230;&#8230;&#8230;&#8230;&#8230;&#8230;&#8230;&#8230;&#8230;&#8230;&#8230;&#8230;&#8230;&#8230;&#8230;&#8230;&#8230;20mg<\/p>\n<p>K\u1ebdm gluconat&#8230;&#8230;&#8230;&#8230;&#8230;&#8230;&#8230;&#8230;&#8230;&#8230;&#8230;&#8230;&#8230;&#8230;&#8230;&#8230;&#8230;&#8230;&#8230;&#8230;&#8230;&#8230;.20mg<\/p>\n<p>Vitamin B3&#8230;&#8230;&#8230;&#8230;&#8230;&#8230;&#8230;&#8230;&#8230;&#8230;&#8230;&#8230;&#8230;&#8230;&#8230;&#8230;&#8230;&#8230;&#8230;&#8230;&#8230;&#8230;&#8230;&#8230;.5mg<\/p>\n<p>Vitamin B2&#8230;&#8230;&#8230;&#8230;&#8230;&#8230;&#8230;&#8230;&#8230;&#8230;&#8230;&#8230;&#8230;&#8230;&#8230;&#8230;&#8230;&#8230;&#8230;&#8230;&#8230;&#8230;&#8230;&#8230;.1mg<\/p>\n<p>Vitamin B6&#8230;&#8230;&#8230;&#8230;&#8230;&#8230;&#8230;&#8230;&#8230;&#8230;&#8230;&#8230;&#8230;&#8230;&#8230;&#8230;&#8230;&#8230;&#8230;&#8230;&#8230;&#8230;&#8230;&#8230;.1mg<\/p>\n<p>Vitamin B1&#8230;&#8230;&#8230;&#8230;&#8230;&#8230;&#8230;&#8230;&#8230;&#8230;&#8230;&#8230;&#8230;&#8230;&#8230;&#8230;&#8230;&#8230;&#8230;&#8230;&#8230;&#8230;&#8230;&#8230;.0,5mg<\/p>\n<p>Vitamin A&#8230;&#8230;&#8230;&#8230;&#8230;&#8230;&#8230;&#8230;&#8230;&#8230;&#8230;&#8230;&#8230;&#8230;&#8230;&#8230;&#8230;&#8230;&#8230;&#8230;&#8230;&#8230;&#8230;&#8230;&#8230;200 IU<\/p>\n<p>Acid folic&#8230;&#8230;&#8230;&#8230;&#8230;&#8230;&#8230;&#8230;&#8230;&#8230;&#8230;&#8230;&#8230;&#8230;&#8230;&#8230;&#8230;&#8230;&#8230;&#8230;&#8230;&#8230;&#8230;&#8230;&#8230;.0,1mg<\/p>\n<p>Ph\u1ee5 li\u1ec7u: D\u1ea7u c\u1ecd, d\u1ea7u \u0111\u1eadu n\u00e0nh, lecithin ( INS 322i), s\u00e1p ong, aerosil, gelatin, glycerin, calci carbonat ( INS 170i), nipagin, nipasol, dung d\u1ecbch sorbitol 70% (INS 420i), vanilin, brown HT (INS 155), g\u00f4m arabic (INS 414), ethanol 96%, titan dioxyd (INS 171), n\u01b0\u1edbc tinh khi\u1ebft.<\/p>\n<h2><strong>C\u00f4ng d\u1ee5ng<\/strong><\/h2>\n<p><strong>\u0110\u1ea1m dinh d\u01b0\u1ee1ng Bosugold<\/strong>\u00a0c\u00f3 c\u00f4ng d\u1ee5ng:<\/p>\n<ul>\n<li>B\u1ed5 sung acid amin, c\u00e1c vitamin v\u00e0 kho\u00e1ng ch\u1ea5t cho c\u01a1 th\u1ec3. H\u1ed7 tr\u1ee3 t\u0103ng c\u01b0\u1eddng s\u1ee9c kh\u1ecfe, n\u00e2ng cao s\u1ee9c \u0111\u1ec1 kh\u00e1ng, h\u1ea1n ch\u1ebf qu\u00e1 tr\u00ecnh l\u00e3o h\u00f3a.<\/li>\n<li>B\u1ed5 sung calci h\u1ed7 tr\u1ee3 ph\u00e1t tri\u1ec3n x\u01b0\u01a1ng \u1edf tr\u1ebb em.<\/li>\n<li>H\u1ed7 tr\u1ee3 tr\u1ebb \u0103n ngon mi\u1ec7ng, t\u0103ng c\u01b0\u1eddng chuy\u1ec3n h\u00f3a v\u00e0 h\u1ea5p thu c\u00e1c ch\u1ea5t dinh d\u01b0\u1ee1ng. H\u1ed7 tr\u1ee3 \u0111\u1ec3\u00a0 tr\u1ebb c\u00f3 c\u01a1 th\u1ec3 kh\u1ecfe m\u1ea1nh.<\/li>\n<\/ul>\n<h2><strong>C\u00e1ch d\u00f9ng &#8211; Li\u1ec1u d\u00f9ng<\/strong><\/h2>\n<ul>\n<li>T\u1eeb Tr\u1ebb t\u1eeb 14 tu\u1ed5i tr\u1edf l\u00ean v\u00e0 ng\u01b0\u1eddi l\u1edbn: U\u1ed1ng 1-2 vi\u00ean\/l\u1ea7n x 2-3 l\u1ea7n\/ng\u00e0y.<\/li>\n<li>Tr\u1ebb 7 \u2013 13 tu\u1ed5i: U\u1ed1ng 1 vi\u00ean\/l\u1ea7n x 2-3 l\u1ea7n\/ng\u00e0y.<\/li>\n<li>Tr\u1ebb t\u1eeb 1 \u2013 6 tu\u1ed5i: U\u1ed1ng 1 vi\u00ean\/l\u1ea7n x 2 l\u1ea7n\/ng\u00e0y (Tr\u1ebb 1-6 tu\u1ed5i n\u00ean s\u1eed d\u1ee5ng d\u1ea1ng dung d\u1ecbch u\u1ed1ng).<\/li>\n<li>Tr\u1ebb d\u01b0\u1edbi 1 tu\u1ed5i: Tham kh\u1ea3o \u00fd ki\u1ebfn chuy\u00ean gia tr\u01b0\u1edbc khi s\u1eed d\u1ee5ng.<\/li>\n<li>N\u00ean s\u1eed d\u1ee5ng th\u01b0\u1eddng xuy\u00ean \u0111\u1ec3 c\u00f3 k\u1ebft qu\u1ea3 t\u1ed1t nh\u1ea5t.<\/li>\n<\/ul>\n<h2><strong>Th\u00f4ng tin th\u00eam:<\/strong><\/h2>\n<h3><strong>\u0110\u1ed1i t\u01b0\u1ee3ng s\u1eed d\u1ee5ng<\/strong><\/h3>\n<p><strong>\u0110\u1ea1m dinh d\u01b0\u1ee1ng Bosugold<\/strong>\u00a0d\u00e0nh cho \u0111\u1ed1i t\u01b0\u1ee3ng:<\/p>\n<ul>\n<li>Ng\u01b0\u1eddi c\u00f3 nhu c\u1ea7u dinh d\u01b0\u1ee1ng cao: Nh\u01b0 ng\u01b0\u1eddi cao tu\u1ed5i, ng\u01b0\u1eddi suy dinh d\u01b0\u1ee1ng, thi\u1ebfu m\u00e1u, m\u1edbi \u1ed1m d\u1eady, m\u1ec7t m\u1ecfi, sau ph\u1eabu thu\u1eadt, th\u1eddi k\u1ef3 d\u01b0\u1ee1ng b\u1ec7nh, c\u01a1 th\u1ec3 suy nh\u01b0\u1ee3c, ng\u01b0\u1eddi lao \u0111\u1ed9ng n\u1eb7ng.<\/li>\n<li>V\u1eadn \u0111\u1ed9ng vi\u00ean th\u1ec3 thao.<\/li>\n<li>Ph\u1ee5 n\u1eef c\u00f3 thai, cho con b\u00fa.<\/li>\n<li>Tr\u1ebb bi\u1ebfng \u0103n, ch\u1eadm l\u1edbn, c\u00f2i x\u01b0\u01a1ng, suy dinh d\u01b0\u1ee1ng. Tr\u1ebb hay \u1ed1m ho\u1eb7c m\u1edbi \u1ed1m d\u1eady. Tr\u1ebb em ch\u1eadm t\u0103ng c\u00e2n, k\u00e9m h\u1ea5p thu dinh d\u01b0\u1ee1ng, thanh thi\u1ebfu ni\u00ean trong giai \u0111o\u1ea1n ph\u00e1t tri\u1ec3n c\u01a1 th\u1ec3. Tr\u1ebb \u0111ang c\u00f3 nhu c\u1ea7u n\u0103ng l\u01b0\u1ee3ng cao \u0103n u\u1ed1ng kh\u00f4ng ngon mi\u1ec7ng nh\u01b0 l\u00fac h\u1ecdc t\u1eadp qu\u00e1 s\u1ee9c, luy\u1ec7n t\u1eadp th\u1ec3 thao.<\/li>\n<\/ul>\n<p><strong>Quy c\u00e1ch:<\/strong> H\u1ed9p 3 v\u1ec9 x 10 vi\u00ean<\/p>\n<p><strong>Th\u01b0\u01a1ng nh\u00e2n s\u1ea3n xu\u1ea5t v\u00e0 ch\u1ecbu tr\u00e1ch nhi\u1ec7m s\u1ea3n ph\u1ea9m:<\/strong><\/p>\n<p>C\u00f4ng ty C\u1ed5 ph\u1ea7n D\u01b0\u1ee3c v\u00e0 thi\u1ebft b\u1ecb y t\u1ebf H\u00e0 T\u00e2y<\/p>\n<p>\u0110\u1ecba ch\u1ec9: S\u1ed1 10 ng\u00f5 4, Ph\u1ed1 X\u1ed1m, ph\u01b0\u1eddng Ph\u00fa L\u00e3m, H\u00e0 \u0110\u00f4ng, H\u00e0 N\u1ed9i<\/p>\n<p><strong>C\u00f4ng ty ph\u00e2n ph\u1ed1i:<\/strong><\/p>\n<p>C\u00f4ng ty C\u1ed5 ph\u1ea7n D\u01b0\u1ee3c ph\u1ea9m C\u00f4ng ngh\u1ec7 cao Hataphar Healthcare Vi\u1ec7t Nam<\/p>\n<p>\u0110\u1ecba ch\u1ec9: 80 Quang Trung, H\u00e0 \u0110\u00f4ng, H\u00e0 N\u1ed9i<\/p>\n<p>Hotline: 1900 66 88 34<\/p>\n<p>S\u1ed1 \u0110KSP: 1789\/2018\/\u0110KSP<\/p>\n<p>S\u1ed1 XNQC: 3924\/2020\/XNQC-ATTP<\/p>\n","protected":false},"excerpt":{"rendered":"<p>Th\u00e0nh ph\u1ea7n M\u1ed7i vi\u00ean nang m\u1ec1m ch\u1ee9a: B\u1ed9t \u0111\u1ea1m th\u1ee7y ph\u00e2n t\u1eeb m\u00e1u ng\u1ef1a &#8230;&#8230;&#8230;&#8230;&#8230;&#8230;&#8230;&#8230;&#8230;&#8230;&#8230;&#8230;&#8230;&#8230;&#8230;&#8230;&#8230;&#8230;&#8230;&#8230;250mg ( C\u00f3 ch\u1ee9 16 acid amin: aspartic, glutamic, serin, histidin, glycin, threonin, alanin, arginin, tyrosin, valin, methionin, phenylalanin, isoleucin, leucin, lysin, prolin) Lysin HCl&#8230;&#8230;&#8230;&#8230;&#8230;&#8230;&#8230;&#8230;&#8230;&#8230;&#8230;&#8230;&#8230;&#8230;&#8230;&#8230;&#8230;&#8230;&#8230;&#8230;&#8230;&#8230;&#8230;&#8230;..50mg Cao Linh chi&#8230;&#8230;&#8230;&#8230;&#8230;&#8230;&#8230;&#8230;&#8230;&#8230;&#8230;&#8230;&#8230;&#8230;&#8230;&#8230;&#8230;&#8230;&#8230;&#8230;&#8230;&#8230;&#8230;50mg Calci glucoheptonat&#8230;&#8230;&#8230;&#8230;&#8230;&#8230;&#8230;&#8230;&#8230;&#8230;&#8230;&#8230;&#8230;&#8230;&#8230;&#8230;&#8230;&#8230;&#8230;20mg K\u1ebdm gluconat&#8230;&#8230;&#8230;&#8230;&#8230;&#8230;&#8230;&#8230;&#8230;&#8230;&#8230;&#8230;&#8230;&#8230;&#8230;&#8230;&#8230;&#8230;&#8230;&#8230;&#8230;&#8230;.20mg Vitamin B3&#8230;&#8230;&#8230;&#8230;&#8230;&#8230;&#8230;&#8230;&#8230;&#8230;&#8230;&#8230;&#8230;&#8230;&#8230;&#8230;&#8230;&#8230;&#8230;&#8230;&#8230;&#8230;&#8230;&#8230;.5mg Vitamin B2&#8230;&#8230;&#8230;&#8230;&#8230;&#8230;&#8230;&#8230;&#8230;&#8230;&#8230;&#8230;&#8230;&#8230;&#8230;&#8230;&#8230;&#8230;&#8230;&#8230;&#8230;&#8230;&#8230;&#8230;.1mg Vitamin B6&#8230;&#8230;&#8230;&#8230;&#8230;&#8230;&#8230;&#8230;&#8230;&#8230;&#8230;&#8230;&#8230;&#8230;&#8230;&#8230;&#8230;&#8230;&#8230;&#8230;&#8230;&#8230;&#8230;&#8230;.1mg Vitamin B1&#8230;&#8230;&#8230;&#8230;&#8230;&#8230;&#8230;&#8230;&#8230;&#8230;&#8230;&#8230;&#8230;&#8230;&#8230;&#8230;&#8230;&#8230;&#8230;&#8230;&#8230;&#8230;&#8230;&#8230;.0,5mg Vitamin [&#8230;]\n","protected":false},"featured_media":3703,"template":"","meta":[],"product_cat":[122],"product_tag":[],"class_list":{"0":"post-3702","1":"product","2":"type-product","3":"status-publish","4":"has-post-thumbnail","6":"product_cat-thuc-pham-chuc-nang","8":"first","9":"instock","10":"shipping-taxable","11":"product-type-simple"},"acf":[],"_links":{"self":[{"href":"https:\/\/hataphar.com.vn\/en\/wp-json\/wp\/v2\/product\/3702","targetHints":{"allow":["GET"]}}],"collection":[{"href":"https:\/\/hataphar.com.vn\/en\/wp-json\/wp\/v2\/product"}],"about":[{"href":"https:\/\/hataphar.com.vn\/en\/wp-json\/wp\/v2\/types\/product"}],"wp:featuredmedia":[{"embeddable":true,"href":"https:\/\/hataphar.com.vn\/en\/wp-json\/wp\/v2\/media\/3703"}],"wp:attachment":[{"href":"https:\/\/hataphar.com.vn\/en\/wp-json\/wp\/v2\/media?parent=3702"}],"wp:term":[{"taxonomy":"product_cat","embeddable":true,"href":"https:\/\/hataphar.com.vn\/en\/wp-json\/wp\/v2\/product_cat?post=3702"},{"taxonomy":"product_tag","embeddable":true,"href":"https:\/\/hataphar.com.vn\/en\/wp-json\/wp\/v2\/product_tag?post=3702"}],"curies":[{"name":"wp","href":"https:\/\/api.w.org\/{rel}","templated":true}]}}