

























{"id":3551,"date":"2024-08-28T09:30:24","date_gmt":"2024-08-28T02:30:24","guid":{"rendered":"https:\/\/hataphar.com.vn\/product\/dai-trang-hataphar\/"},"modified":"2024-08-28T09:30:24","modified_gmt":"2024-08-28T09:30:24","slug":"dai-trang-hataphar","status":"publish","type":"product","link":"https:\/\/hataphar.com.vn\/en\/product\/dai-trang-hataphar\/","title":{"rendered":"\u0110\u1ea1i tr\u00e0ng Hataphar"},"content":{"rendered":"<h2><strong>Ingredients:<\/strong><\/h2>\n<p><strong>Each hard capsule contains:<\/strong><\/p>\n<p>Beta-glucan &#8230;&#8230;&#8230;&#8230;&#8230;&#8230;&#8230;&#8230;&#8230;&#8230;&#8230;&#8230;&#8230;&#8230;&#8230;&#8230; 50mg<br \/>\nImmunepath &#8211; IP &#8230;&#8230;&#8230;&#8230;&#8230;&#8230;&#8230;&#8230;&#8230;&#8230;&#8230;&#8230;&#8230;&#8230; 25mg<br \/>\nDry extract mixture 221mg equivalent to:<br \/>\nAtractylodes macrocephala (B\u1ea1ch Tru\u1eadt) &#8230;&#8230;&#8230;&#8230;. 350mg<br \/>\nCoptis chinensis (Ho\u00e0ng Li\u00ean) &#8230;&#8230;&#8230;&#8230;&#8230;&#8230;&#8230;&#8230;&#8230; 300mg<br \/>\nNutmeg (Nh\u1ee5c \u0111\u1eadu kh\u1ea5u) &#8230;&#8230;&#8230;&#8230;&#8230;&#8230;&#8230;&#8230;&#8230;&#8230;. 250mg<br \/>\nPoria (B\u1ea1ch Linh) &#8230;&#8230;&#8230;&#8230;&#8230;&#8230;&#8230;&#8230;&#8230;&#8230;&#8230;&#8230;&#8230;.. 250mg<br \/>\nTangerine peel (Tr\u1ea7n B\u00ec) &#8230;&#8230;&#8230;&#8230;&#8230;&#8230;&#8230;&#8230;&#8230;&#8230;&#8230; 250mg<br \/>\nAucklandia lappa (M\u1ed9c H\u01b0\u01a1ng) &#8230;&#8230;&#8230;&#8230;&#8230;&#8230;&#8230;&#8230; 150mg<br \/>\nCodonopsis pilosula (\u0110\u1eb3ng s\u00e2m) &#8230;&#8230;&#8230;&#8230;&#8230;&#8230;&#8230;&#8230; 150mg<br \/>\nCrataegus (S\u01a1n Tra) &#8230;&#8230;&#8230;&#8230;&#8230;&#8230;&#8230;&#8230;&#8230;&#8230;&#8230;&#8230;.. 150mg<br \/>\nDioscorea opposita (Ho\u00e0i S\u01a1n) &#8230;&#8230;&#8230;&#8230;&#8230;&#8230;&#8230;&#8230; 150mg<br \/>\nAmomum villosum (Sa nh\u00e2m) &#8230;&#8230;&#8230;&#8230;&#8230;&#8230;&#8230;&#8230;&#8230; 150mg<br \/>\nGlycyrrhiza uralensis (Cam th\u1ea3o) &#8230;&#8230;&#8230;&#8230;&#8230;&#8230;&#8230;. 60mg<\/p>\n<h2><strong>Uses:<\/strong><\/h2>\n<p>Supports the digestive system, enhances digestion, and helps alleviate symptoms such as abdominal pain, bloating, and digestive disorders due to colitis and irritable bowel syndrome (IBS).<\/p>\n<h2><strong>Directions for use and dosage:<\/strong><\/h2>\n<ul>\n<li>Take 2-3 capsules per dose, 2 times a day, 1-2 hours after meals.<\/li>\n<li>For cases of colitis, use the product for 4-6 weeks per course.<\/li>\n<li>To prevent recurrence and stabilize the digestive system, it is recommended to use 1-2 courses, with a week break between courses.<\/li>\n<\/ul>\n<h2><strong>Additional information:<\/strong><\/h2>\n<h3><strong>Target users:<\/strong><\/h3>\n<ul>\n<li>Individuals with colitis or irritable bowel syndrome (IBS).<\/li>\n<li>People experiencing digestive disorders, bloating, indigestion, cramping, diarrhea, constipation, frequent bowel movements, or dysentery.<\/li>\n<\/ul>\n<p><strong>Specification:<\/strong> Box of 3 blisters x 10 capsules.<\/p>\n<p><strong>Health warnings:<\/strong><\/p>\n<p>This product is not a medicine and does not replace medicine for treating diseases.<\/p>\n<p><strong>Manufacturer and product responsibility:<\/strong><\/p>\n<p>H\u00e0 T\u00e2y Pharmaceutical and Medical Equipment Joint Stock Company<\/p>\n<p>Address: No. 10 Alley 4, X\u1ed1m Street, Ph\u00fa L\u00e3m Ward, H\u00e0 \u0110\u00f4ng, Hanoi.<\/p>\n<p><strong>Distributor:<\/strong><\/p>\n<p>H\u00e0 T\u00e2y Pharmaceutical Joint Stock Company<\/p>\n<p>Address: 10A Quang Trung, Quang Trung Ward, H\u00e0 \u0110\u00f4ng District, Hanoi.<\/p>\n<p>Hotline: 1900 66 88 34<\/p>\n<p>Product registration number: 2277\/2019\/\u0110KSP<\/p>\n<p>Advertising approval number: 01700\/2019\/XNQC-ATTP<\/p>\n","protected":false},"excerpt":{"rendered":"<p>Supports the digestive system, enhances digestion, and helps alleviate symptoms such as abdominal pain, bloating, and digestive disorders due to colitis and irritable bowel syndrome (IBS).<\/p>\n","protected":false},"featured_media":3550,"template":"","meta":[],"product_cat":[148],"product_tag":[],"class_list":{"0":"post-3551","1":"product","2":"type-product","3":"status-publish","4":"has-post-thumbnail","6":"product_cat-functional-foods","8":"first","9":"instock","10":"shipping-taxable","11":"product-type-simple"},"acf":[],"_links":{"self":[{"href":"https:\/\/hataphar.com.vn\/en\/wp-json\/wp\/v2\/product\/3551","targetHints":{"allow":["GET"]}}],"collection":[{"href":"https:\/\/hataphar.com.vn\/en\/wp-json\/wp\/v2\/product"}],"about":[{"href":"https:\/\/hataphar.com.vn\/en\/wp-json\/wp\/v2\/types\/product"}],"wp:featuredmedia":[{"embeddable":true,"href":"https:\/\/hataphar.com.vn\/en\/wp-json\/wp\/v2\/media\/3550"}],"wp:attachment":[{"href":"https:\/\/hataphar.com.vn\/en\/wp-json\/wp\/v2\/media?parent=3551"}],"wp:term":[{"taxonomy":"product_cat","embeddable":true,"href":"https:\/\/hataphar.com.vn\/en\/wp-json\/wp\/v2\/product_cat?post=3551"},{"taxonomy":"product_tag","embeddable":true,"href":"https:\/\/hataphar.com.vn\/en\/wp-json\/wp\/v2\/product_tag?post=3551"}],"curies":[{"name":"wp","href":"https:\/\/api.w.org\/{rel}","templated":true}]}}