

























{"id":3547,"date":"2024-08-28T09:15:22","date_gmt":"2024-08-28T02:15:22","guid":{"rendered":"https:\/\/hataphar.com.vn\/product\/oraliver-gold\/"},"modified":"2024-08-28T09:15:22","modified_gmt":"2024-08-28T09:15:22","slug":"oraliver-gold","status":"publish","type":"product","link":"https:\/\/hataphar.com.vn\/en\/product\/oraliver-gold\/","title":{"rendered":"Oraliver Gold"},"content":{"rendered":"<h2><strong>Ingredients:<\/strong><\/h2>\n<p><strong>Each soft capsule contains:<\/strong><\/p>\n<p>Milk Thistle extract (Cardus Marianus) 235mg<br \/>\n(Equivalent to Silymarin 70mg)<br \/>\nArginine Hydrochloride 100mg<br \/>\nVitamin B3 3mg<br \/>\nVitamin B5 8mg<br \/>\nVitamin B1 4mg<br \/>\nVitamin B2 4mg<br \/>\nVitamin B6 4mg<br \/>\nExcipients q.s. 1 capsule<\/p>\n<h2><strong>Uses:<\/strong><\/h2>\n<ul>\n<li>Helps detoxify and cool the liver, enhances liver function, and protects liver cells.<\/li>\n<li>Supports the reduction of symptoms such as allergies, itching, loss of appetite, and jaundice due to impaired liver function.<\/li>\n<\/ul>\n<p><strong>Note:<\/strong><\/p>\n<ul>\n<li>This product is not a medicine and does not replace medicine for treating diseases.<\/li>\n<li>Do not use it for individuals sensitive to any of the product&#8217;s components.<\/li>\n<\/ul>\n<h2><strong>Directions for use and dosage:<\/strong><\/h2>\n<p>Take after meals.<\/p>\n<ul>\n<li>Adults and adolescents aged 10 years and above: Take 1-2 capsules per dose, 2-3 times a day.<\/li>\n<li>Children aged 6 &#8211; 9 years: Take 1 capsule per dose, 2 times a day.<\/li>\n<li>In cases of hepatitis, use for a minimum of 2 months per course. Allow a week between courses.<\/li>\n<\/ul>\n<h2><strong>Additional information:<\/strong><\/h2>\n<h3><strong>Target users<\/strong><\/h3>\n<ul>\n<li>Individuals with impaired liver function due to cirrhosis, hepatitis, fatty liver, or elevated liver enzymes.<\/li>\n<li>People who consume alcohol and need liver protection.<\/li>\n<li>Individuals experiencing internal heat, allergies, itching, poor appetite, or jaundice due to poor liver function.<\/li>\n<\/ul>\n<p><strong>Specification:<\/strong><\/p>\n<p>Box of 3 blisters x 10 capsules.<br \/>\nBox of 6 blisters x 10 capsules.<br \/>\nBox of 12 blisters x 5 capsules.<br \/>\nBox of 1 bottle x 60 capsules.<br \/>\nBox of 1 bottle x 45 capsules.<\/p>\n<p><strong>Health warnings:<\/strong><\/p>\n<p>This product is not a medicine and does not replace medicine for treating diseases.<\/p>\n<p><strong>Manufacturer and product responsibility:<\/strong><\/p>\n<p>H\u00e0 T\u00e2y Pharmaceutical and Medical Equipment Joint Stock Company<\/p>\n<p>Address: No. 10 Alley 4, X\u1ed1m Street, Ph\u00fa L\u00e3m Ward, H\u00e0 \u0110\u00f4ng, Hanoi.<\/p>\n<p><strong>Distributor:<\/strong><\/p>\n<p>Hataphar Healthcare Vietnam High-Tech Pharmaceutical Joint Stock Company<\/p>\n<p>Address: 80 Quang Trung, H\u00e0 \u0110\u00f4ng, Hanoi.<\/p>\n<p>Hotline: 1900 66 88 34<\/p>\n<p>Product registration number: 6186\/2020\/\u0110KSP<\/p>\n<p>Advertising approval number: 2508\/2021\/XNQC-ATTP<\/p>\n","protected":false},"excerpt":{"rendered":"<ul>\n<li>Helps detoxify and cool the liver, enhances liver function, and protects liver cells.<\/li>\n<li>Supports the reduction of symptoms such as allergies, itching, loss of appetite, and jaundice due to impaired liver function.<\/li>\n<\/ul>\n","protected":false},"featured_media":3546,"template":"","meta":[],"product_cat":[148],"product_tag":[],"class_list":{"0":"post-3547","1":"product","2":"type-product","3":"status-publish","4":"has-post-thumbnail","6":"product_cat-functional-foods","8":"first","9":"instock","10":"shipping-taxable","11":"product-type-simple"},"acf":[],"_links":{"self":[{"href":"https:\/\/hataphar.com.vn\/en\/wp-json\/wp\/v2\/product\/3547","targetHints":{"allow":["GET"]}}],"collection":[{"href":"https:\/\/hataphar.com.vn\/en\/wp-json\/wp\/v2\/product"}],"about":[{"href":"https:\/\/hataphar.com.vn\/en\/wp-json\/wp\/v2\/types\/product"}],"wp:featuredmedia":[{"embeddable":true,"href":"https:\/\/hataphar.com.vn\/en\/wp-json\/wp\/v2\/media\/3546"}],"wp:attachment":[{"href":"https:\/\/hataphar.com.vn\/en\/wp-json\/wp\/v2\/media?parent=3547"}],"wp:term":[{"taxonomy":"product_cat","embeddable":true,"href":"https:\/\/hataphar.com.vn\/en\/wp-json\/wp\/v2\/product_cat?post=3547"},{"taxonomy":"product_tag","embeddable":true,"href":"https:\/\/hataphar.com.vn\/en\/wp-json\/wp\/v2\/product_tag?post=3547"}],"curies":[{"name":"wp","href":"https:\/\/api.w.org\/{rel}","templated":true}]}}