

























{"id":3543,"date":"2024-08-28T09:08:19","date_gmt":"2024-08-28T02:08:19","guid":{"rendered":"https:\/\/hataphar.com.vn\/product\/cordyceps\/"},"modified":"2024-08-28T09:08:19","modified_gmt":"2024-08-28T09:08:19","slug":"cordyceps","status":"publish","type":"product","link":"https:\/\/hataphar.com.vn\/en\/product\/cordyceps\/","title":{"rendered":"Cordyceps"},"content":{"rendered":"<h2><strong>Ingredients:<\/strong><\/h2>\n<p><strong>Each capsule contains:<\/strong><\/p>\n<p>Cordyceps (Equivalent to Adenosine 0.04mg)&#8230;&#8230;.80mg<br \/>\nCuscuta seed extract (Extractum Cuscutae)&#8230;&#8230;&#8230;&#8230;&#8230;&#8230;&#8230;&#8230;&#8230;&#8230;&#8230;&#8230;50mg<br \/>\nRaspberry extract (Extractum Rubi)&#8230;&#8230;&#8230;&#8230;&#8230;&#8230;&#8230;&#8230;&#8230;&#8230;&#8230;&#8230;.50mg<br \/>\nGoji berry extract (Fructus Lycii)&#8230;&#8230;&#8230;&#8230;&#8230;&#8230;&#8230;&#8230;&#8230;&#8230;&#8230;&#8230;&#8230;&#8230;&#8230;.50mg<br \/>\nEpimedium extract (Herba Epimedii)&#8230;&#8230;&#8230;&#8230;&#8230;&#8230;&#8230;&#8230;&#8230;&#8230;..30mg<br \/>\nCherokee rose fruit extract (Fructus rosae laevigatae)&#8230;&#8230;&#8230;&#8230;&#8230;&#8230;&#8230;&#8230;&#8230;.30mg<br \/>\nLotus seed extract (Nelumbo nucifera gaertn)&#8230;&#8230;&#8230;&#8230;&#8230;&#8230;&#8230;&#8230;.30mg<br \/>\nNew Zealand oyster extract&#8230;&#8230;&#8230;&#8230;&#8230;&#8230;&#8230;&#8230;&#8230;&#8230;&#8230;&#8230;&#8230;&#8230;&#8230;&#8230;&#8230;&#8230;&#8230;&#8230;20mg<br \/>\nGinkgo biloba extract&#8230;&#8230;&#8230;&#8230;&#8230;&#8230;&#8230;&#8230;&#8230;&#8230;&#8230;&#8230;&#8230;&#8230;&#8230;&#8230;&#8230;&#8230;&#8230;&#8230;&#8230;20mg<br \/>\nSchisandra extract (Extractum Schisandrae)&#8230;&#8230;&#8230;&#8230;&#8230;&#8230;&#8230;&#8230;&#8230;&#8230;..15mg<br \/>\nPlantain seed extract (Extractum Plantaginis)&#8230;&#8230;&#8230;&#8230;&#8230;&#8230;&#8230;&#8230;&#8230;&#8230;&#8230;15mg<br \/>\nExcipients just enough.<\/p>\n<h2><strong>Uses:<\/strong><\/h2>\n<ul>\n<li>Supports kidney function, strengthens yang, fortifies tendons and bones, and enhances male vitality and sexual performance.<\/li>\n<li>Helps slow down the male aging process.<\/li>\n<li>Boosts male sexual health.<\/li>\n<\/ul>\n<h2><strong>Directions for use and dosage:<\/strong><\/h2>\n<ul>\n<li>Take on an empty stomach, 2 capsules per dose, twice daily.<\/li>\n<li>Each course should last 30-60 days. Can be used regularly to maintain effectiveness.<\/li>\n<\/ul>\n<h2><strong>Additional information:<\/strong><\/h2>\n<h3><strong>Target user<\/strong><\/h3>\n<ul>\n<li>Men with reduced sexual function or early male menopause.<\/li>\n<li>Those needing to boost health due to high-intensity work.<\/li>\n<li>Individuals experiencing weakness, fatigue, lower back pain, knee pain, or frequent nighttime urination due to weak kidneys.<\/li>\n<\/ul>\n<p><strong>Specification:<\/strong> Box of 3 blisters x 10 capsules.<\/p>\n<p><strong>Health warnings:<\/strong><\/p>\n<p>This product is not medicine and does not replace medicine for treating diseases.<\/p>\n<p><strong>Manufacturer and product responsibility:<\/strong><\/p>\n<p>H\u00e0 T\u00e2y Pharmaceutical Joint Stock Company<\/p>\n<p>Address: 10A Quang Trung, Quang Trung Ward, H\u00e0 \u0110\u00f4ng District, Hanoi.<\/p>\n<p><strong>Distributor:<\/strong><\/p>\n<p>H\u00e0 T\u00e2y Pharmaceutical Joint Stock Company<\/p>\n<p>Address: 10A Quang Trung, Quang Trung Ward, H\u00e0 \u0110\u00f4ng District, Hanoi.<\/p>\n<p>Hotline: 1900 66 88 34<\/p>\n<p>Product registration number: 5374\/2019\/\u0110KSP<\/p>\n<p>Advertising approval number: 01734\/2019\/XNQC-ATTP<\/p>\n","protected":false},"excerpt":{"rendered":"<ul>\n<li>Supports kidney function, strengthens yang, fortifies tendons and bones, and enhances male vitality and sexual performance.<\/li>\n<li>Helps slow down the male aging process.<\/li>\n<li>Boosts male sexual health.<\/li>\n<\/ul>\n","protected":false},"featured_media":3542,"template":"","meta":[],"product_cat":[148],"product_tag":[],"class_list":{"0":"post-3543","1":"product","2":"type-product","3":"status-publish","4":"has-post-thumbnail","6":"product_cat-functional-foods","8":"first","9":"instock","10":"shipping-taxable","11":"product-type-simple"},"acf":[],"_links":{"self":[{"href":"https:\/\/hataphar.com.vn\/en\/wp-json\/wp\/v2\/product\/3543","targetHints":{"allow":["GET"]}}],"collection":[{"href":"https:\/\/hataphar.com.vn\/en\/wp-json\/wp\/v2\/product"}],"about":[{"href":"https:\/\/hataphar.com.vn\/en\/wp-json\/wp\/v2\/types\/product"}],"wp:featuredmedia":[{"embeddable":true,"href":"https:\/\/hataphar.com.vn\/en\/wp-json\/wp\/v2\/media\/3542"}],"wp:attachment":[{"href":"https:\/\/hataphar.com.vn\/en\/wp-json\/wp\/v2\/media?parent=3543"}],"wp:term":[{"taxonomy":"product_cat","embeddable":true,"href":"https:\/\/hataphar.com.vn\/en\/wp-json\/wp\/v2\/product_cat?post=3543"},{"taxonomy":"product_tag","embeddable":true,"href":"https:\/\/hataphar.com.vn\/en\/wp-json\/wp\/v2\/product_tag?post=3543"}],"curies":[{"name":"wp","href":"https:\/\/api.w.org\/{rel}","templated":true}]}}