

























{"id":3539,"date":"2024-08-28T09:02:18","date_gmt":"2024-08-28T02:02:18","guid":{"rendered":"https:\/\/hataphar.com.vn\/product\/bosukid-dht\/"},"modified":"2024-08-28T09:02:18","modified_gmt":"2024-08-28T09:02:18","slug":"bosukid-dht","status":"publish","type":"product","link":"https:\/\/hataphar.com.vn\/en\/product\/bosukid-dht\/","title":{"rendered":"Bosukid DHT"},"content":{"rendered":"<h2><strong>Ingredients:<\/strong><\/h2>\n<p><strong>Each 10 ml oral solution contains:<\/strong><\/p>\n<p>Hydrolyzed protein powder from horse blood\u2026\u2026\u2026\u2026.500mg<br \/>\nLysin HCL \u2026\u2026\u2026\u2026\u2026\u2026\u2026\u2026\u2026\u2026\u2026\u2026.. 100mg<br \/>\nZinc gluconate \u2026\u2026\u2026\u2026\u2026..\u2026\u2026\u2026\u2026\u2026\u2026.. 40mg<br \/>\nCalcium glycerophosphate \u2026\u2026\u2026\u2026\u2026\u2026\u2026\u2026\u202640mg<br \/>\nGlycerophosphoric acid \u2026\u2026\u2026\u2026\u2026\u2026\u2026\u2026.20mg<br \/>\nBeta glucan \u2026\u2026\u2026\u2026\u2026\u2026\u2026\u2026\u2026\u2026\u2026\u2026\u2026.10mg<br \/>\nNutriose (Maize dextrin) \u2026\u2026\u2026\u2026\u2026\u2026\u2026\u202610mg<br \/>\nVitamin B3 \u2026\u2026\u2026\u2026\u2026\u2026\u2026\u2026\u2026\u2026\u2026\u2026\u2026.10mg<br \/>\nVitamin B2 \u2026\u2026\u2026\u2026\u2026\u2026\u2026\u2026\u2026\u2026\u2026\u2026\u2026&#8230;2mg<br \/>\nVitamin B6 \u2026\u2026\u2026\u2026\u2026\u2026\u2026\u2026\u2026\u2026\u2026\u2026\u2026\u20262mg<br \/>\nVitamin B1 \u2026\u2026\u2026\u2026\u2026\u2026\u2026\u2026\u2026\u2026\u2026\u2026\u2026\u20261mg<br \/>\nFolic acid \u2026\u2026\u2026\u2026\u2026\u2026\u2026\u2026\u2026\u2026\u2026\u2026\u2026\u20260.2mg<\/p>\n<h2><strong>Uses:<\/strong><\/h2>\n<p>Supplements nutrients, vitamins, and minerals to enhance resistance and support healthy body development.<\/p>\n<h2><strong>Directions for use and dosage:<\/strong><\/h2>\n<ul>\n<li>Children aged 1 &#8211; 5 years: 10ml once daily.<\/li>\n<li>Children aged 6 &#8211; 10 years: 10ml per dose, twice daily.<\/li>\n<li>Adults and children aged 10 years and older: 10ml per dose, three times daily.<\/li>\n<li>Children under 12 months should use this product under the guidance of a doctor or pharmacist. The recommended dose is 5 \u2013 10ml per day.<\/li>\n<li>Dosage can be adjusted according to the guidance of a doctor or pharmacist.<\/li>\n<\/ul>\n<h2><strong>Additional information:<\/strong><\/h2>\n<h3><strong>Target users<\/strong><\/h3>\n<ul>\n<li>Children who are picky eaters, slow-growing, malnourished, or recovering from illness.<\/li>\n<li>Adolescents in the growth phase, children with high energy needs, or those with a poor appetite.<\/li>\n<li>People with nutritional needs such as the elderly, malnourished individuals, those with anemia, recovering from illness, fatigue, post-surgery, during convalescence, those with weakened bodies, and heavy laborers.<\/li>\n<li>Athletes.<\/li>\n<\/ul>\n<p>Specification: Box of 14 stick packs.<\/p>\n<p><strong>Health warnings:<\/strong><\/p>\n<ul>\n<li>This product is not medicine and does not replace medicine for treating diseases.<\/li>\n<li>Do not use for people who are sensitive to any of the ingredients in this product.<\/li>\n<\/ul>\n<p><strong>Manufacturer and product responsibility:<\/strong><\/p>\n<p>H\u00e0 T\u00e2y Pharmaceutical and Medical Equipment Joint Stock Company<\/p>\n<p>Address: No. 10, Alley 4, X\u1ed1m Street, Ph\u00fa L\u00e3m Ward, H\u00e0 \u0110\u00f4ng, Hanoi.<\/p>\n<p><strong>Distributor:<\/strong><\/p>\n<p>Hataphar Healthcare Vietnam High-Tech Pharmaceutical Joint Stock Company<\/p>\n<p>Address: 80 Quang Trung, H\u00e0 \u0110\u00f4ng, Hanoi<\/p>\n<p>Hotline: 1900 66 88 34<\/p>\n<p>Product registration number: 12455\/2020\/\u0110KSP<\/p>\n<p>Advertising approval number: 1285\/2022\/XNQC-ATTP<\/p>\n","protected":false},"excerpt":{"rendered":"<p>Supplements nutrients, vitamins, and minerals to enhance resistance and support healthy body development.<\/p>\n","protected":false},"featured_media":3537,"template":"","meta":[],"product_cat":[148],"product_tag":[],"class_list":{"0":"post-3539","1":"product","2":"type-product","3":"status-publish","4":"has-post-thumbnail","6":"product_cat-functional-foods","8":"first","9":"instock","10":"shipping-taxable","11":"product-type-simple"},"acf":[],"_links":{"self":[{"href":"https:\/\/hataphar.com.vn\/en\/wp-json\/wp\/v2\/product\/3539","targetHints":{"allow":["GET"]}}],"collection":[{"href":"https:\/\/hataphar.com.vn\/en\/wp-json\/wp\/v2\/product"}],"about":[{"href":"https:\/\/hataphar.com.vn\/en\/wp-json\/wp\/v2\/types\/product"}],"wp:featuredmedia":[{"embeddable":true,"href":"https:\/\/hataphar.com.vn\/en\/wp-json\/wp\/v2\/media\/3537"}],"wp:attachment":[{"href":"https:\/\/hataphar.com.vn\/en\/wp-json\/wp\/v2\/media?parent=3539"}],"wp:term":[{"taxonomy":"product_cat","embeddable":true,"href":"https:\/\/hataphar.com.vn\/en\/wp-json\/wp\/v2\/product_cat?post=3539"},{"taxonomy":"product_tag","embeddable":true,"href":"https:\/\/hataphar.com.vn\/en\/wp-json\/wp\/v2\/product_tag?post=3539"}],"curies":[{"name":"wp","href":"https:\/\/api.w.org\/{rel}","templated":true}]}}