

























{"id":3534,"date":"2024-08-28T08:53:58","date_gmt":"2024-08-28T01:53:58","guid":{"rendered":"https:\/\/hataphar.com.vn\/product\/duong-tam-dan\/"},"modified":"2024-08-28T08:53:58","modified_gmt":"2024-08-28T08:53:58","slug":"duong-tam-dan","status":"publish","type":"product","link":"https:\/\/hataphar.com.vn\/en\/product\/duong-tam-dan\/","title":{"rendered":"D\u01b0\u1ee1ng T\u00e2m \u0110an"},"content":{"rendered":"<h2><strong>Ingredients:<\/strong><\/h2>\n<p><strong>Each capsule contains:<\/strong><\/p>\n<p>Valerian root extract (Standardized to 0.8% valerenic acid &#8211; Spain)&#8230;&#8230;.100mg<br \/>\nHops strobiles extract (Standardized to 2% rutosides &#8211; France)&#8230;&#8230;&#8230;.30mg<br \/>\nMagnesium oxide&#8230;&#8230;&#8230;&#8230;&#8230;&#8230;&#8230;&#8230;&#8230;&#8230;&#8230;&#8230;&#8230;&#8230;&#8230;&#8230;&#8230;&#8230;&#8230;&#8230;&#8230;&#8230;&#8230;&#8230;&#8230;20mg<br \/>\nPassionflower extract&#8230;&#8230;&#8230;&#8230;&#8230;&#8230;&#8230;&#8230;&#8230;&#8230;&#8230;&#8230;&#8230;&#8230;&#8230;&#8230;&#8230;&#8230;&#8230;&#8230;&#8230;&#8230;&#8230;15mg<br \/>\nSchisandra extract&#8230;&#8230;&#8230;&#8230;&#8230;&#8230;&#8230;&#8230;&#8230;&#8230;&#8230;&#8230;&#8230;&#8230;&#8230;&#8230;&#8230;&#8230;&#8230;&#8230;&#8230;&#8230;&#8230;&#8230;.15mg<br \/>\nZiziphus jujuba seed extract&#8230;&#8230;&#8230;&#8230;&#8230;&#8230;&#8230;&#8230;&#8230;&#8230;&#8230;&#8230;&#8230;&#8230;&#8230;&#8230;&#8230;&#8230;&#8230;.15mg<br \/>\nChrysanthemum extract&#8230;&#8230;&#8230;&#8230;&#8230;&#8230;&#8230;&#8230;&#8230;&#8230;&#8230;&#8230;&#8230;&#8230;&#8230;&#8230;&#8230;&#8230;&#8230;&#8230;&#8230;&#8230;7.5mg<br \/>\nVitamin B6&#8230;&#8230;&#8230;&#8230;&#8230;&#8230;&#8230;&#8230;&#8230;&#8230;&#8230;&#8230;&#8230;&#8230;&#8230;&#8230;&#8230;&#8230;&#8230;&#8230;&#8230;&#8230;&#8230;&#8230;&#8230;&#8230;&#8230;&#8230;.1.5mg<\/p>\n<h2><strong>Uses:<\/strong><\/h2>\n<p>Supports: Calming the mind, promoting relaxation, and helping to improve sleep disorders, anxiety, and mental stress.<\/p>\n<h2><strong>Directions for use and dosage:<\/strong><\/h2>\n<ul>\n<li>Take 1-2 capsules per day in the evening about 30 minutes to 1 hour before sleep.<\/li>\n<li>For chronic insomnia: Take 2-3 capsules per day in the evening about 30 minutes to 1 hour before sleep.<\/li>\n<li>For best results, use the product continuously for 1 month.<\/li>\n<\/ul>\n<h2><strong>Additional information:<\/strong><\/h2>\n<h3><strong>Target users<\/strong><\/h3>\n<p>People with insomnia, difficulty sleeping, stress, mental tension, or sleep disorders caused by various reasons.<\/p>\n<p><strong>Specification:<\/strong> Box of 3 blisters x 10 capsules (both hard and soft capsules).<\/p>\n<p>This product is not medicine and does not replace medicine for treating diseases.<\/p>\n<p><strong>Manufacturer and product responsibility:<\/strong><\/p>\n<p>H\u00e0 T\u00e2y Pharmaceutical and Medical Equipment Joint Stock Company<\/p>\n<p>Address: No. 10, Alley 4, X\u1ed1m Street, Ph\u00fa L\u00e3m Ward, H\u00e0 \u0110\u00f4ng, Hanoi.<\/p>\n<p><strong>Distributor:<\/strong><\/p>\n<p>H\u00e0 T\u00e2y Pharmaceutical Joint Stock Company<\/p>\n<p>Address: 10A Quang Trung, Quang Trung Ward, H\u00e0 \u0110\u00f4ng District, Hanoi<\/p>\n<p>Hotline: 1900 66 88 34<\/p>\n<p>Product registration number: 2409\/2019\/\u0110KSP<\/p>\n<p>Advertising approval number: 02253\/2019\/XNQC-ATTP<\/p>\n","protected":false},"excerpt":{"rendered":"<p>Supports: Calming the mind, promoting relaxation, and helping to improve sleep disorders, anxiety, and mental stress.<\/p>\n","protected":false},"featured_media":3533,"template":"","meta":[],"product_cat":[148],"product_tag":[],"class_list":{"0":"post-3534","1":"product","2":"type-product","3":"status-publish","4":"has-post-thumbnail","6":"product_cat-functional-foods","8":"first","9":"instock","10":"shipping-taxable","11":"product-type-simple"},"acf":[],"_links":{"self":[{"href":"https:\/\/hataphar.com.vn\/en\/wp-json\/wp\/v2\/product\/3534","targetHints":{"allow":["GET"]}}],"collection":[{"href":"https:\/\/hataphar.com.vn\/en\/wp-json\/wp\/v2\/product"}],"about":[{"href":"https:\/\/hataphar.com.vn\/en\/wp-json\/wp\/v2\/types\/product"}],"wp:featuredmedia":[{"embeddable":true,"href":"https:\/\/hataphar.com.vn\/en\/wp-json\/wp\/v2\/media\/3533"}],"wp:attachment":[{"href":"https:\/\/hataphar.com.vn\/en\/wp-json\/wp\/v2\/media?parent=3534"}],"wp:term":[{"taxonomy":"product_cat","embeddable":true,"href":"https:\/\/hataphar.com.vn\/en\/wp-json\/wp\/v2\/product_cat?post=3534"},{"taxonomy":"product_tag","embeddable":true,"href":"https:\/\/hataphar.com.vn\/en\/wp-json\/wp\/v2\/product_tag?post=3534"}],"curies":[{"name":"wp","href":"https:\/\/api.w.org\/{rel}","templated":true}]}}