

























{"id":3529,"date":"2024-08-28T08:21:06","date_gmt":"2024-08-28T01:21:06","guid":{"rendered":"https:\/\/hataphar.com.vn\/product\/tpbvsk-herbeye-new-dang-vi\/"},"modified":"2024-08-28T08:21:06","modified_gmt":"2024-08-28T08:21:06","slug":"tpbvsk-herbeye-new-dang-vi","status":"publish","type":"product","link":"https:\/\/hataphar.com.vn\/en\/product\/tpbvsk-herbeye-new-dang-vi\/","title":{"rendered":"TPBVSK Herbeye New (d\u1ea1ng v\u1ec9)"},"content":{"rendered":"<h2><strong>Ingredients:<\/strong><\/h2>\n<p><strong>Each hard capsule contains:<\/strong><\/p>\n<p>Concentrated Herbal Extract: 100 mg<br \/>\n(Equivalent to: Plantain: 200 mg, Angelica Root: 200 mg, Rehmannia: 200 mg, Chinese Yam: 200 mg, Knotweed: 200 mg)<br \/>\nPure Gac Oil: 100 mg<br \/>\nChrysanthemum Extract: 20 mg<br \/>\nCassia Seed Extract: 20 mg<br \/>\nLutein 10%: 5.0 mg<br \/>\nZeaxanthin 20%: 2.5 mg<br \/>\nAstaxanthin 5%: 1.5 mg<br \/>\nVitamin B2 (Riboflavin): 1.5 mg<br \/>\nOther Ingredients: Cassava starch, calcium carbonate, talc powder, magnesium stearate, methylparaben, propylparaben, silicon dioxide, purified water.<\/p>\n<h2><strong>Uses:<\/strong><\/h2>\n<p>Helps reduce eye dryness and eye strain.<br \/>\nEnhances vision and supports the prevention of macular degeneration.<\/p>\n<h2><strong>Dosage:<\/strong><\/h2>\n<ul>\n<li>Adults &amp; children over 15 years: 2 capsules per dose, 2 times a day.<\/li>\n<li>Children aged 8-15 years: 1 capsule per dose, 2 times a day.<\/li>\n<li>Children aged 6-8 years: 1 capsule per dose, once a day.<\/li>\n<\/ul>\n<h2><strong>Instructions: <\/strong><\/h2>\n<p>Take after meals. Use for 6-8 weeks per course, safe for long-term use.<\/p>\n<h2><strong>Additional Information:<\/strong><\/h2>\n<h3><strong>Target Users:<\/strong><\/h3>\n<p>Children from 6 years and older and adults experiencing eye strain or blurred vision from studying, reading, or frequent computer use.<br \/>\nIndividuals with reduced vision due to aging, macular degeneration, or myopia.<\/p>\n<p><strong>Packaging:<\/strong> Box of 3 blisters x 10 hard capsules each<\/p>\n<p>Note: This food supplement is not a medication and does not replace medicinal treatments.<\/p>\n<p><strong>Manufacturer and Distributor Responsible for Quality:<\/strong><\/p>\n<p>H\u00e0 T\u00e2y Pharmaceutical Joint Stock Company<\/p>\n<p>Address: 10A Quang Trung, Quang Trung Ward, H\u00e0 \u0110\u00f4ng District, Hanoi<\/p>\n<p>Hotline: 1900 66 88 34<\/p>\n<p>Product Registration Number: 8538\/2019\/\u0110KSP<\/p>\n<p>Quality Certification Number: 1338\/2020\/XNQC-ATTP<\/p>\n","protected":false},"excerpt":{"rendered":"<p>Ingredients: Each hard capsule contains: Concentrated Herbal Extract: 100 mg (Equivalent to: Plantain: 200 mg, Angelica Root: 200 mg, Rehmannia: 200 mg, Chinese Yam: 200 mg, Knotweed: 200 mg) Pure Gac Oil: 100 mg Chrysanthemum Extract: 20 mg Cassia Seed Extract: 20 mg Lutein 10%: 5.0 mg Zeaxanthin 20%: 2.5 mg Astaxanthin 5%: 1.5 mg [&#8230;]\n","protected":false},"featured_media":3528,"template":"","meta":[],"product_cat":[148],"product_tag":[],"class_list":{"0":"post-3529","1":"product","2":"type-product","3":"status-publish","4":"has-post-thumbnail","6":"product_cat-functional-foods","8":"first","9":"instock","10":"shipping-taxable","11":"product-type-simple"},"acf":[],"_links":{"self":[{"href":"https:\/\/hataphar.com.vn\/en\/wp-json\/wp\/v2\/product\/3529","targetHints":{"allow":["GET"]}}],"collection":[{"href":"https:\/\/hataphar.com.vn\/en\/wp-json\/wp\/v2\/product"}],"about":[{"href":"https:\/\/hataphar.com.vn\/en\/wp-json\/wp\/v2\/types\/product"}],"wp:featuredmedia":[{"embeddable":true,"href":"https:\/\/hataphar.com.vn\/en\/wp-json\/wp\/v2\/media\/3528"}],"wp:attachment":[{"href":"https:\/\/hataphar.com.vn\/en\/wp-json\/wp\/v2\/media?parent=3529"}],"wp:term":[{"taxonomy":"product_cat","embeddable":true,"href":"https:\/\/hataphar.com.vn\/en\/wp-json\/wp\/v2\/product_cat?post=3529"},{"taxonomy":"product_tag","embeddable":true,"href":"https:\/\/hataphar.com.vn\/en\/wp-json\/wp\/v2\/product_tag?post=3529"}],"curies":[{"name":"wp","href":"https:\/\/api.w.org\/{rel}","templated":true}]}}