

























{"id":3517,"date":"2024-08-28T07:27:36","date_gmt":"2024-08-28T00:27:36","guid":{"rendered":"https:\/\/hataphar.com.vn\/san-pham\/tpbvsk-oralplus-gold-new\/"},"modified":"2024-08-28T07:27:36","modified_gmt":"2024-08-28T07:27:36","slug":"tpbvsk-oralplus-gold-new","status":"publish","type":"product","link":"https:\/\/hataphar.com.vn\/en\/product\/tpbvsk-oralplus-gold-new\/","title":{"rendered":"TPBVSK Oralplus Gold New"},"content":{"rendered":"<h2><strong>Ingredients:<\/strong><\/h2>\n<p><strong>Each 10 ml of oral solution contains:<\/strong><\/p>\n<p>Lysine HCl (South Korea): 250 mg<br \/>\nYeast Extract: 250 mg<br \/>\nNutriose (France): 100 mg<br \/>\nElderberry (Germany): 20 mg<br \/>\nZinc Methionine: 20 mg<br \/>\nThymomodulin: 10 mg<br \/>\nTaurine: 10 mg<br \/>\nVitamin B3: 4 mg<br \/>\nVitamin B1: 1.5 mg<br \/>\nVitamin B2: 1.5 mg<br \/>\nVitamin B6: 1.5 mg<br \/>\nOther Additives: 10 mg<\/p>\n<h2><strong>Uses:<\/strong><\/h2>\n<ul>\n<li>Supports the supplementation of essential vitamins and minerals.<\/li>\n<li>Aids in enhancing digestion and food absorption.<\/li>\n<li>Contributes to improved overall health.<\/li>\n<li>Helps boost immune resistance.<\/li>\n<\/ul>\n<h2><strong>Dosage:<\/strong><\/h2>\n<ul>\n<li>Children aged 1-3 years: Take 1 vial per day.<\/li>\n<li>Children aged 4-12 years: Take 1 vial twice a day.<\/li>\n<li>Adults and children over 12 years: Take 2 vials three times a day.<\/li>\n<\/ul>\n<h2><strong>Additional Information:<\/strong><\/h2>\n<h3><strong>Target Users:<\/strong><\/h3>\n<ul>\n<li>Children with poor appetite, inadequate intake, poor absorption, or malnutrition.<\/li>\n<li>Children with low immune resistance and frequent minor illnesses.<\/li>\n<li>Individuals who are fatigued, debilitated, ill, recovering from illness, or experiencing poor eating and digestion.<\/li>\n<\/ul>\n<p><strong>Packaging:<\/strong> Box of 4 blisters x 5 vials x 10 ml each<\/p>\n<p>Note: This food supplement is not a medication and does not replace medicinal treatments.<\/p>\n<p><strong>Manufacturer and Responsible Party:<\/strong><\/p>\n<p>H\u00e0 T\u00e2y Pharmaceutical Joint Stock Company<\/p>\n<p>Address: 10A Quang Trung, Quang Trung Ward, H\u00e0 \u0110\u00f4ng District, Hanoi<\/p>\n<p><strong>Distributor:<\/strong><\/p>\n<p>H\u00e0 T\u00e2y Pharmaceutical Joint Stock Company<\/p>\n<p>Address: 10A Quang Trung, Quang Trung Ward, H\u00e0 \u0110\u00f4ng District, Hanoi<\/p>\n<p>Hotline: 1900 66 88 34<\/p>\n<p>Product Registration Number: 6034\/2018\/\u0110KSP<\/p>\n<p>Quality Certification Number: 00188\/2019\/XNQC-ATTP<\/p>\n","protected":false},"excerpt":{"rendered":"<ul>\n<li>Supports the supplementation of essential vitamins and minerals.<\/li>\n<li>Aids in enhancing digestion and food absorption.<\/li>\n<li>Contributes to improved overall health.<\/li>\n<li>Helps boost immune resistance.<\/li>\n<\/ul>\n","protected":false},"featured_media":3513,"template":"","meta":[],"product_cat":[148],"product_tag":[],"class_list":{"0":"post-3517","1":"product","2":"type-product","3":"status-publish","4":"has-post-thumbnail","6":"product_cat-functional-foods","8":"first","9":"instock","10":"shipping-taxable","11":"product-type-simple"},"acf":[],"_links":{"self":[{"href":"https:\/\/hataphar.com.vn\/en\/wp-json\/wp\/v2\/product\/3517","targetHints":{"allow":["GET"]}}],"collection":[{"href":"https:\/\/hataphar.com.vn\/en\/wp-json\/wp\/v2\/product"}],"about":[{"href":"https:\/\/hataphar.com.vn\/en\/wp-json\/wp\/v2\/types\/product"}],"wp:featuredmedia":[{"embeddable":true,"href":"https:\/\/hataphar.com.vn\/en\/wp-json\/wp\/v2\/media\/3513"}],"wp:attachment":[{"href":"https:\/\/hataphar.com.vn\/en\/wp-json\/wp\/v2\/media?parent=3517"}],"wp:term":[{"taxonomy":"product_cat","embeddable":true,"href":"https:\/\/hataphar.com.vn\/en\/wp-json\/wp\/v2\/product_cat?post=3517"},{"taxonomy":"product_tag","embeddable":true,"href":"https:\/\/hataphar.com.vn\/en\/wp-json\/wp\/v2\/product_tag?post=3517"}],"curies":[{"name":"wp","href":"https:\/\/api.w.org\/{rel}","templated":true}]}}