

























{"id":3510,"date":"2013-07-05T19:55:19","date_gmt":"2013-07-05T12:55:19","guid":{"rendered":"https:\/\/hataphar.com.vn\/san-pham\/tpbvsk-pharnaraton-plus\/"},"modified":"2013-07-05T19:55:19","modified_gmt":"2013-07-05T19:55:19","slug":"tpbvsk-pharnaraton-plus","status":"publish","type":"product","link":"https:\/\/hataphar.com.vn\/en\/product\/tpbvsk-pharnaraton-plus\/","title":{"rendered":"TPBVSK Pharnaraton Plus"},"content":{"rendered":"<h2><strong>Ingredients:<\/strong><\/h2>\n<p><strong>Each soft capsule contains:<\/strong><\/p>\n<p>Magnesium oxide (equivalent to 42mg Magnesium) 70mg<br \/>\nFerrous fumarate (equivalent to 18.1mg Iron) 55mg<br \/>\nGinseng extract (Panax Ginseng Extract) 50mg<br \/>\nVitamin E (\u03b1-Tocopheryl Acetate) 45 IU<br \/>\nVitamin C (Ascorbic Acid) 40mg<br \/>\nReishi mushroom extract (Ganoderma Lucidum Extract) 20mg<br \/>\nVitamin PP (Nicotinamide) 15mg<br \/>\nVitamin B5 (Calcium Pantothenate) 5mg<br \/>\nZinc oxide (equivalent to 4mg Zinc) 5mg<br \/>\nCopper sulfate (equivalent to 1mg Copper) 2.5mg<br \/>\nVitamin B2 (Riboflavin) 2mg<br \/>\nVitamin B1 (Thiamine Nitrate) 2mg<br \/>\nVitamin B6 (Pyridoxine Hydrochloride) 2mg<br \/>\nVitamin A (Retinyl Palmitate) 1000 IU<br \/>\nVitamin B9 (Folic Acid) 0.2mg<br \/>\nVitamin D3 (Cholecalciferol) 400 IU<br \/>\nExcipients: Soybean oil, emulsifiers (beeswax, lecithin), anti-caking agents (CaCO3, carbosil), capsule shell (gelatin), humectants (glycerin, sorbitol), preservatives (nipagin, nipasol), synthetic flavor (vanillin), synthetic colorants (titanium dioxide, brown HT), food-grade ethanol, purified water.<\/p>\n<p>Herbal extract ratio: 1\/10<\/p>\n<h2><strong>Uses:<\/strong><\/h2>\n<p>Supports body nourishment. Helps improve health, enhance resistance, and reduce fatigue.<\/p>\n<h2><strong>Directions for Use and Dosage:<\/strong><\/h2>\n<p>Adults and children over 13 years old: Take 1 capsule once a day. It is recommended to take it after breakfast.<\/p>\n<h2><strong>Additional Information:<\/strong><\/h2>\n<h3><strong>Target Users:<\/strong><\/h3>\n<p>Children over 13 years old and adults with weakened bodies, fatigue, and low resistance.<\/p>\n<h3><strong>Packaging:<\/strong><\/h3>\n<p>Box of 12 blister packs x 5 capsules<\/p>\n<p>Note:<\/p>\n<p>\u201cThis product is not a medicine and is not intended to replace medications.\u201d<\/p>\n<h3><strong>Manufacturer and Responsible Entity:<\/strong><\/h3>\n<p>H\u00e0 T\u00e2y Pharmaceutical and Medical Equipment Joint Stock Company<br \/>\nAddress: No. 10, Alley 4, X\u1ed1m Street, Ph\u00fa L\u00e3m Ward, H\u00e0 \u0110\u00f4ng, H\u00e0 N\u1ed9i<\/p>\n<h3><strong>Distributor:<\/strong><\/h3>\n<p>Hataphar Healthcare Vietnam High-Tech Pharmaceutical Joint Stock Company<\/p>\n<p>Address: 80 Quang Trung, H\u00e0 \u0110\u00f4ng, H\u00e0 N\u1ed9i<\/p>\n<p>Hotline: 1900 66 88 34<\/p>\n<p>Product Registration Number: 8226\/2023\/\u0110KSP<\/p>\n<p>Quality Inspection Number: 397\/2024\/XNQC-ATTP<\/p>\n","protected":false},"excerpt":{"rendered":"<p>Ingredients: Each soft capsule contains: Magnesium oxide (equivalent to 42mg Magnesium) 70mg Ferrous fumarate (equivalent to 18.1mg Iron) 55mg Ginseng extract (Panax Ginseng Extract) 50mg Vitamin E (\u03b1-Tocopheryl Acetate) 45 IU Vitamin C (Ascorbic Acid) 40mg Reishi mushroom extract (Ganoderma Lucidum Extract) 20mg Vitamin PP (Nicotinamide) 15mg Vitamin B5 (Calcium Pantothenate) 5mg Zinc oxide (equivalent [&#8230;]\n","protected":false},"featured_media":5118,"template":"","meta":[],"product_cat":[148],"product_tag":[],"class_list":{"0":"post-3510","1":"product","2":"type-product","3":"status-publish","4":"has-post-thumbnail","6":"product_cat-functional-foods","8":"first","9":"instock","10":"shipping-taxable","11":"product-type-simple"},"acf":[],"_links":{"self":[{"href":"https:\/\/hataphar.com.vn\/en\/wp-json\/wp\/v2\/product\/3510","targetHints":{"allow":["GET"]}}],"collection":[{"href":"https:\/\/hataphar.com.vn\/en\/wp-json\/wp\/v2\/product"}],"about":[{"href":"https:\/\/hataphar.com.vn\/en\/wp-json\/wp\/v2\/types\/product"}],"wp:featuredmedia":[{"embeddable":true,"href":"https:\/\/hataphar.com.vn\/en\/wp-json\/wp\/v2\/media\/5118"}],"wp:attachment":[{"href":"https:\/\/hataphar.com.vn\/en\/wp-json\/wp\/v2\/media?parent=3510"}],"wp:term":[{"taxonomy":"product_cat","embeddable":true,"href":"https:\/\/hataphar.com.vn\/en\/wp-json\/wp\/v2\/product_cat?post=3510"},{"taxonomy":"product_tag","embeddable":true,"href":"https:\/\/hataphar.com.vn\/en\/wp-json\/wp\/v2\/product_tag?post=3510"}],"curies":[{"name":"wp","href":"https:\/\/api.w.org\/{rel}","templated":true}]}}