

























{"id":3105,"date":"2013-06-07T11:37:23","date_gmt":"2013-06-07T04:37:23","guid":{"rendered":"https:\/\/hataphar.com.vn\/product\/tpbvsk-eucaherb\/"},"modified":"2013-06-07T11:37:23","modified_gmt":"2013-06-07T11:37:23","slug":"tpbvsk-eucaherb","status":"publish","type":"product","link":"https:\/\/hataphar.com.vn\/en\/product\/tpbvsk-eucaherb\/","title":{"rendered":"TPBVSK EUcaherb"},"content":{"rendered":"<h1><strong>Ingredients:<\/strong><\/h1>\n<p><strong>Each soft capsule contains:<\/strong><\/p>\n<p>Eucalyptus Oil (Aetheroleum Eucalypti) 100mg<br \/>\n(equivalent to Eucalyptol 60mg)<br \/>\nGinger Oil (Oleum Zingiber officinale) 6mg<br \/>\nPeppermint Oil (Oleum Mentha arvensis) 5mg<br \/>\nThick Leaf Coleus Oil (Oleum Coleus amboinicus) 1.5mg<br \/>\nCinnamon Oil (Oleum Cinnamomum cassia) 0.2mg<br \/>\nExcipients: Capsule shell (gelatin), moisture retainers (glycerin, sorbitol), preservatives (nipagin, nipasol), food-grade alcohol (96%), synthetic colorant (Green HT), synthetic flavoring (vanillin), emulsifier (soybean oil), purified water.<\/p>\n<h1><strong>Uses:<\/strong><\/h1>\n<p>Helps reduce coughing, phlegm, sore throat, and hoarseness caused by sore throat and bronchitis.<\/p>\n<h1><strong>Directions for Use and Dosage:<\/strong><\/h1>\n<ul>\n<li>Children over 6 years old: Take 1 capsule, 2 times a day.<\/li>\n<li>Adults: Take 2 capsules, 2 times a day.<br \/>\nAdditional Information:<\/li>\n<\/ul>\n<h1><strong>Additional Information:<\/strong><\/h1>\n<p><strong>Target Users:<\/strong><\/p>\n<p>Children over 6 years old and adults with cough, phlegm, sore throat, and hoarseness caused by sore throat and bronchitis.<\/p>\n<p><strong>Packaging:<\/strong><\/p>\n<p>Box of 100 soft capsules.<br \/>\nNote: This product is not a medicine and is not intended to replace medications.<\/p>\n<p><strong>Manufacturer and Responsible Entity:<\/strong><\/p>\n<p>H\u00e0 T\u00e2y Pharmaceutical Joint Stock Company<\/p>\n<p>Address: 10, Alley 4, X\u00f3m Street, Ph\u00fa L\u00e3m Ward, H\u00e0 \u0110\u00f4ng, H\u00e0 N\u1ed9i<\/p>\n<p><strong>Distributor:<\/strong><\/p>\n<p>Hataphar Healthcare Vietnam High-Tech Pharmaceutical Joint Stock Company<\/p>\n<p>Address: 80 Quang Trung, H\u00e0 \u0110\u00f4ng, H\u00e0 N\u1ed9i<\/p>\n<p>Hotline: 1900 66 88 34<\/p>\n<p>Product Registration Number: 4680\/2022\/\u0110KSP<\/p>\n<p>Quality Inspection Number: 254\/2023\/XNQC-ATTP<\/p>\n","protected":false},"excerpt":{"rendered":"<p>Helps reduce coughing, phlegm, sore throat, and hoarseness caused by sore throat and bronchitis.<\/p>\n","protected":false},"featured_media":2169,"template":"","meta":[],"product_cat":[148],"product_tag":[],"class_list":{"0":"post-3105","1":"product","2":"type-product","3":"status-publish","4":"has-post-thumbnail","6":"product_cat-functional-foods","8":"first","9":"instock","10":"downloadable","11":"shipping-taxable","12":"product-type-simple"},"acf":[],"_links":{"self":[{"href":"https:\/\/hataphar.com.vn\/en\/wp-json\/wp\/v2\/product\/3105","targetHints":{"allow":["GET"]}}],"collection":[{"href":"https:\/\/hataphar.com.vn\/en\/wp-json\/wp\/v2\/product"}],"about":[{"href":"https:\/\/hataphar.com.vn\/en\/wp-json\/wp\/v2\/types\/product"}],"wp:featuredmedia":[{"embeddable":true,"href":"https:\/\/hataphar.com.vn\/en\/wp-json\/wp\/v2\/media\/2169"}],"wp:attachment":[{"href":"https:\/\/hataphar.com.vn\/en\/wp-json\/wp\/v2\/media?parent=3105"}],"wp:term":[{"taxonomy":"product_cat","embeddable":true,"href":"https:\/\/hataphar.com.vn\/en\/wp-json\/wp\/v2\/product_cat?post=3105"},{"taxonomy":"product_tag","embeddable":true,"href":"https:\/\/hataphar.com.vn\/en\/wp-json\/wp\/v2\/product_tag?post=3105"}],"curies":[{"name":"wp","href":"https:\/\/api.w.org\/{rel}","templated":true}]}}