

























{"id":3091,"date":"2013-07-05T19:32:57","date_gmt":"2013-07-05T19:32:57","guid":{"rendered":"https:\/\/hataphar.com.vn\/product\/tpbvsk-bioxgut\/"},"modified":"2013-07-05T19:32:57","modified_gmt":"2013-07-05T19:32:57","slug":"tpbvsk-bioxgut","status":"publish","type":"product","link":"https:\/\/hataphar.com.vn\/en\/product\/tpbvsk-bioxgut\/","title":{"rendered":"TPBVSK BIOXGUT"},"content":{"rendered":"<h1><strong>Ingredients:<\/strong><\/h1>\n<p><strong>Each packet (2g) contains:<\/strong><\/p>\n<p>19 Probiotics Strains 2.8mg<\/p>\n<p><em>(Lactococcus lactis, L. plantarum, S. thermophilus, L. acidophilus, L. rhamnosus, B. longum, B. lactis, L. reuteri, L. helveticus, L. fermentum, L. gasseri, L. paracasei, L. salivarius, L. bulgaricus, B. breve, B. bifidum, L. casei, E. faecium, E. faecalis).<\/em><\/p>\n<p><em>L. acidophilus 0.49mg<\/em><\/p>\n<p><em>L. rhamnosus 0.49mg<\/em><\/p>\n<p><em>B. lactis 0.99mg<\/em><\/p>\n<p><em>L. helveticus 1.11mg<\/em><\/p>\n<p><em>E. faecium 30.00mg<\/em><\/p>\n<p><em>B. coagulans 12.00mg<\/em><\/p>\n<p>Zinc oxide 10.00mg<\/p>\n<p>Vitamin C 10.00mg<\/p>\n<p>Vitamin B2 0.04mg<\/p>\n<p>Milk calcium 20.00mg<\/p>\n<p>Other ingredients: Red grape powder, cholecalciferol, vegetable cream (prima), fructo-oligosaccharides, grape flavor G-6016, grape flavor powder, xylitol, glucose, maltodextrin sufficient to make 2g.<\/p>\n<h1><strong>Uses:<\/strong><\/h1>\n<p>Helps supplement beneficial bacteria for the intestines, supports digestive health. Helps reduce symptoms of digestive disorders caused by dysbiosis and prolonged antibiotic use. Supports boosting the body&#8217;s resistance.<\/p>\n<p><em>Note: This product is not a medicine and is not intended to replace medications.<\/em><\/p>\n<p><em>Do not use if sensitive to any ingredient in the product.<\/em><\/p>\n<h1><strong>Directions for Use and Dosage:<\/strong><\/h1>\n<ul>\n<li>Children from 1 year old: Use 1 &#8211; 2 packets\/day.<\/li>\n<li>Adults: Use 2 &#8211; 3 packets\/day.<\/li>\n<li>For children aged 1-3 years, consult a doctor or pharmacist. Recommended dosage: 1-2 packets\/day.<\/li>\n<\/ul>\n<p>Can be taken directly, mixed with water, or added to food or milk.<\/p>\n<h1><strong>Additional Information:<\/strong><\/h1>\n<p><strong>Target Users:<\/strong><\/p>\n<p>Individuals with poor digestion, digestive disorders caused by gut dysbiosis with symptoms such as abdominal pain, bloating, indigestion, diarrhea, loose stools, constipation. Individuals needing to boost their immunity.<\/p>\n<p><strong>Packaging:<\/strong> Box of 20 packets x 2g, box of 60 packets x 2g.<\/p>\n<p>This product is not a medicine and is not intended to replace medications.<\/p>\n<p><strong>Importer and Responsible Entity:<\/strong><\/p>\n<p>H\u00e0 T\u00e2y Pharmaceutical Joint Stock Company<\/p>\n<p>Address: 10A Quang Trung, Quang Trung Ward, H\u00e0 \u0110\u00f4ng District, H\u00e0 N\u1ed9i<\/p>\n<p><strong>Distributor:<\/strong><\/p>\n<p>Hataphar Healthcare Vietnam High-Tech Pharmaceutical Joint Stock Company<\/p>\n<p>Address: 80 Quang Trung, H\u00e0 \u0110\u00f4ng, H\u00e0 N\u1ed9i<\/p>\n<p>Hotline: 1900 66 88 34<\/p>\n<p>Product Registration Number: 7783\/2020\/\u0110KSP<\/p>\n<p>Quality Inspection Number: 2382\/2021\/XNQC-ATTP<\/p>\n","protected":false},"excerpt":{"rendered":"<p>Helps supplement beneficial bacteria for the intestines, supports digestive health. Helps reduce symptoms of digestive disorders caused by dysbiosis and prolonged antibiotic use. Supports boosting the body&#8217;s resistance.<\/p>\n","protected":false},"featured_media":2167,"template":"","meta":[],"product_cat":[148],"product_tag":[],"class_list":{"0":"post-3091","1":"product","2":"type-product","3":"status-publish","4":"has-post-thumbnail","6":"product_cat-functional-foods","8":"first","9":"instock","10":"shipping-taxable","11":"purchasable","12":"product-type-variable"},"acf":[],"_links":{"self":[{"href":"https:\/\/hataphar.com.vn\/en\/wp-json\/wp\/v2\/product\/3091","targetHints":{"allow":["GET"]}}],"collection":[{"href":"https:\/\/hataphar.com.vn\/en\/wp-json\/wp\/v2\/product"}],"about":[{"href":"https:\/\/hataphar.com.vn\/en\/wp-json\/wp\/v2\/types\/product"}],"wp:featuredmedia":[{"embeddable":true,"href":"https:\/\/hataphar.com.vn\/en\/wp-json\/wp\/v2\/media\/2167"}],"wp:attachment":[{"href":"https:\/\/hataphar.com.vn\/en\/wp-json\/wp\/v2\/media?parent=3091"}],"wp:term":[{"taxonomy":"product_cat","embeddable":true,"href":"https:\/\/hataphar.com.vn\/en\/wp-json\/wp\/v2\/product_cat?post=3091"},{"taxonomy":"product_tag","embeddable":true,"href":"https:\/\/hataphar.com.vn\/en\/wp-json\/wp\/v2\/product_tag?post=3091"}],"curies":[{"name":"wp","href":"https:\/\/api.w.org\/{rel}","templated":true}]}}