

























{"id":3068,"date":"2024-08-21T10:23:48","date_gmt":"2024-08-21T10:23:48","guid":{"rendered":"https:\/\/hataphar.com.vn\/product\/tpbvsk-feroblood\/"},"modified":"2024-08-21T10:23:48","modified_gmt":"2024-08-21T10:23:48","slug":"tpbvsk-feroblood","status":"publish","type":"product","link":"https:\/\/hataphar.com.vn\/en\/product\/tpbvsk-feroblood\/","title":{"rendered":"TPBVSK Feroblood"},"content":{"rendered":"<h1><strong>Ingredients:<\/strong><\/h1>\n<p><strong>Each soft capsule contains:<\/strong><\/p>\n<p>Folic acid 400\u00b5g<br \/>\nIron (III) hydroxide polymaltose<br \/>\n(Equivalent to 36mg iron) 120mg<br \/>\nVitamin C 30mg<br \/>\nLiver Hi (Porcine Liver Hydrolysate) 10mg<br \/>\nVitamin B12 10\u00b5g<br \/>\nNutriose 150mg<br \/>\nExcipients: Soybean oil (479), emulsifier lecithin (322i), anti-caking agent silicon dioxide (551), beeswax (901), gelatin film-forming agent, humectant (glycerin (422), sorbitol (420i)), purified water, ethanol 96%, preservatives (propyl para-hydroxybenzoate (216), methyl para-hydroxybenzoate (218)), vanillin, synthetic colorants (titanium dioxide (171), ponceau 4R, sunset yellow, chocolate).<\/p>\n<h1><strong>Uses:<\/strong><\/h1>\n<p>Supports increased blood formation, helps reduce anemia due to iron deficiency.<\/p>\n<h1><strong>Directions for Use and Dosage:<\/strong><\/h1>\n<ul>\n<li>Take 2 hours after a meal.<\/li>\n<li>Children over 14 years old and adults: Take 1 capsule once a day.<\/li>\n<\/ul>\n<p><em><strong>Note:\u00a0<\/strong><\/em><\/p>\n<p><em>This product is not a medicine and is not intended to replace medications.<\/em><\/p>\n<p><em>Do not use for individuals who are sensitive or allergic to any component of the product.<\/em><\/p>\n<h1><strong>Additional Information:<\/strong><\/h1>\n<p><strong>TARGET USERS:<\/strong><\/p>\n<p>Children over 14 years old and adults with iron deficiency anemia.<\/p>\n<p>PACKAGING:<\/p>\n<p>Box of 1 bottle x 30 soft capsules or Box of 3 blister packs x 10 soft capsules.<\/p>\n<p><strong>Manufacturer and Responsible Entity:<\/strong><\/p>\n<p>H\u00e0 T\u00e2y Pharmaceutical and Medical Equipment Joint Stock Company<\/p>\n<p>Address: No. 10, Alley 4, X\u1ed1m Street, Ph\u00fa L\u00e3m Ward, H\u00e0 \u0110\u00f4ng, H\u00e0 N\u1ed9i<\/p>\n<p><strong>Distributor:<\/strong><\/p>\n<p>Hataphar Healthcare Vietnam High-Tech Pharmaceutical Joint Stock Company<\/p>\n<p>Address: 80 Quang Trung, H\u00e0 \u0110\u00f4ng, H\u00e0 N\u1ed9i<\/p>\n<p>Hotline: 1900 66 88 34<\/p>\n<p>Product Registration Number: 742\/2022\/\u0110KSP<\/p>\n<p>Quality Inspection Number: 2021\/2022\/XNQC-ATTP<\/p>\n","protected":false},"excerpt":{"rendered":"<p>Supports increased blood formation, helps reduce anemia due to iron deficiency.<\/p>\n","protected":false},"featured_media":2265,"template":"","meta":[],"product_cat":[148],"product_tag":[],"class_list":{"0":"post-3068","1":"product","2":"type-product","3":"status-publish","4":"has-post-thumbnail","6":"product_cat-functional-foods","8":"first","9":"instock","10":"shipping-taxable","11":"product-type-simple"},"acf":[],"_links":{"self":[{"href":"https:\/\/hataphar.com.vn\/en\/wp-json\/wp\/v2\/product\/3068","targetHints":{"allow":["GET"]}}],"collection":[{"href":"https:\/\/hataphar.com.vn\/en\/wp-json\/wp\/v2\/product"}],"about":[{"href":"https:\/\/hataphar.com.vn\/en\/wp-json\/wp\/v2\/types\/product"}],"wp:featuredmedia":[{"embeddable":true,"href":"https:\/\/hataphar.com.vn\/en\/wp-json\/wp\/v2\/media\/2265"}],"wp:attachment":[{"href":"https:\/\/hataphar.com.vn\/en\/wp-json\/wp\/v2\/media?parent=3068"}],"wp:term":[{"taxonomy":"product_cat","embeddable":true,"href":"https:\/\/hataphar.com.vn\/en\/wp-json\/wp\/v2\/product_cat?post=3068"},{"taxonomy":"product_tag","embeddable":true,"href":"https:\/\/hataphar.com.vn\/en\/wp-json\/wp\/v2\/product_tag?post=3068"}],"curies":[{"name":"wp","href":"https:\/\/api.w.org\/{rel}","templated":true}]}}