

























{"id":3048,"date":"2024-08-21T10:30:46","date_gmt":"2024-08-21T10:30:46","guid":{"rendered":"https:\/\/hataphar.com.vn\/product\/tpbvsk-oralkid-new\/"},"modified":"2024-08-21T10:30:46","modified_gmt":"2024-08-21T10:30:46","slug":"tpbvsk-oralkid-new","status":"publish","type":"product","link":"https:\/\/hataphar.com.vn\/en\/product\/tpbvsk-oralkid-new\/","title":{"rendered":"TPBVSK Oralkid New"},"content":{"rendered":"<h1><strong>Ingredients:<\/strong><\/h1>\n<p><strong>Each 10ml vial contains:<\/strong><\/p>\n<p>Artichoke&#8230;&#8230;&#8230;&#8230;&#8230;&#8230;&#8230;.1000mg<br \/>\nCentella Asiatica&#8230;&#8230;&#8230;..500mg<br \/>\nWater Hyacinth&#8230;&#8230;&#8230;&#8230;..1000mg<br \/>\nDioscorea&#8230;&#8230;&#8230;&#8230;&#8230;&#8230;&#8230;200mg<br \/>\nPoria Cocos&#8230;&#8230;&#8230;&#8230;&#8230;&#8230;..500mg<br \/>\nLicorice&#8230;&#8230;&#8230;&#8230;&#8230;&#8230;&#8230;&#8230;.30mg<br \/>\nDandelion&#8230;&#8230;&#8230;&#8230;&#8230;&#8230;&#8230;..1000mg<br \/>\nCherry Extract&#8230;&#8230;&#8230;&#8230;&#8230;.10mg<br \/>\nAtractylodes&#8230;&#8230;&#8230;&#8230;&#8230;&#8230;&#8230;500mg<br \/>\nGrape Seed Extract&#8230;&#8230;&#8230;&#8230;.10mg<br \/>\nOther ingredients: Ethanol 96%, tartrazine (102), citric acid (330), sodium citrate (331iii), benzoic acid (210), purified water.<\/p>\n<h1><strong>Uses:<\/strong><\/h1>\n<p>Helps cool the liver, reduce heat, detoxify, diuretic, and detoxify the liver.<br \/>\nEnhances metabolism to promote liver health, bile secretion, and stimulate digestion to improve appetite.<br \/>\nEnhances liver function in cases of allergies, hives, acne, rashes.<\/p>\n<h1><strong>Directions for Use and Dosage:<\/strong><\/h1>\n<ul>\n<li>Children aged 1-3 years: Take 1 vial once, 1-2 times a day.<\/li>\n<li>Children aged 3-9 years: Take 1 vial once, 2 times a day.<\/li>\n<li>Ages 10-18 years: Take 1 vial once, 2-3 times a day.<\/li>\n<li>Adults: Take 2 vials once, 2 times a day.<\/li>\n<\/ul>\n<h1><strong>Additional Information:<\/strong><\/h1>\n<p><strong>Target Users:<\/strong><\/p>\n<ul>\n<li>People with itching, allergies, rashes, prickly heat, acne.<\/li>\n<li>Those feeling internal heat, restlessness, difficulty sleeping.<\/li>\n<li>People with constipation, dark urine, or difficulty urinating.<\/li>\n<li>Individuals experiencing fatigue, loss of appetite, bitter mouth, indigestion, bloating due to liver function issues.<\/li>\n<\/ul>\n<p><strong>Packaging:<\/strong> Box of 4 trays x 5 vials of 10ml.<\/p>\n<p>This product is not a medicine and is not intended to replace medications.<\/p>\n<p><strong>Manufacturer and Responsible Entity:<\/strong><\/p>\n<p>H\u00e0 T\u00e2y Pharmaceutical Joint Stock Company<\/p>\n<p>Address: 10, Alley 4, X\u00f3m Street, Ph\u00fa L\u00e3m Ward, H\u00e0 \u0110\u00f4ng, H\u00e0 N\u1ed9i<\/p>\n<p><strong>Distributor:<\/strong><\/p>\n<p>Hataphar Healthcare Vietnam High-Tech Pharmaceutical Joint Stock Company<\/p>\n<p>Address: 80 Quang Trung, H\u00e0 \u0110\u00f4ng, H\u00e0 N\u1ed9i<\/p>\n<p>Hotline: 1900 66 88 34<\/p>\n<p>Product Registration Number: 1911\/2020\/\u0110KSP<\/p>\n<p>Quality Inspection Number: 421\/2021\/XNQC-ATTP<\/p>\n","protected":false},"excerpt":{"rendered":"<p>Helps cool the liver, reduce heat, detoxify, diuretic, and detoxify the liver.<br \/>\nEnhances metabolism to promote liver health, bile secretion, and stimulate digestion to improve appetite.<br \/>\nEnhances liver function in cases of allergies, hives, acne, rashes.<\/p>\n","protected":false},"featured_media":2266,"template":"","meta":[],"product_cat":[148],"product_tag":[],"class_list":{"0":"post-3048","1":"product","2":"type-product","3":"status-publish","4":"has-post-thumbnail","6":"product_cat-functional-foods","8":"first","9":"instock","10":"shipping-taxable","11":"product-type-simple"},"acf":[],"_links":{"self":[{"href":"https:\/\/hataphar.com.vn\/en\/wp-json\/wp\/v2\/product\/3048","targetHints":{"allow":["GET"]}}],"collection":[{"href":"https:\/\/hataphar.com.vn\/en\/wp-json\/wp\/v2\/product"}],"about":[{"href":"https:\/\/hataphar.com.vn\/en\/wp-json\/wp\/v2\/types\/product"}],"wp:featuredmedia":[{"embeddable":true,"href":"https:\/\/hataphar.com.vn\/en\/wp-json\/wp\/v2\/media\/2266"}],"wp:attachment":[{"href":"https:\/\/hataphar.com.vn\/en\/wp-json\/wp\/v2\/media?parent=3048"}],"wp:term":[{"taxonomy":"product_cat","embeddable":true,"href":"https:\/\/hataphar.com.vn\/en\/wp-json\/wp\/v2\/product_cat?post=3048"},{"taxonomy":"product_tag","embeddable":true,"href":"https:\/\/hataphar.com.vn\/en\/wp-json\/wp\/v2\/product_tag?post=3048"}],"curies":[{"name":"wp","href":"https:\/\/api.w.org\/{rel}","templated":true}]}}