

























{"id":3016,"date":"2024-08-21T10:35:16","date_gmt":"2024-08-21T10:35:16","guid":{"rendered":"https:\/\/hataphar.com.vn\/product\/tpbvsk-oralplus\/"},"modified":"2024-08-21T10:35:16","modified_gmt":"2024-08-21T10:35:16","slug":"tpbvsk-oralplus","status":"publish","type":"product","link":"https:\/\/hataphar.com.vn\/en\/product\/tpbvsk-oralplus\/","title":{"rendered":"TPBVSK Oralplus"},"content":{"rendered":"<h1><strong>Ingredients:<\/strong><\/h1>\n<p><strong>Each 10ml vial contains:<\/strong><\/p>\n<p>L-Lysine HCl&#8230;&#8230;&#8230;&#8230;&#8230;&#8230;&#8230;&#8230;&#8230;&#8230;&#8230;120mg<br \/>\nAquamin Soluble&#8230;&#8230;&#8230;&#8230;&#8230;&#8230;&#8230;&#8230;&#8230;80mg<br \/>\nL-Arginine HCl&#8230;&#8230;&#8230;&#8230;&#8230;&#8230;&#8230;&#8230;&#8230;&#8230;..50mg<br \/>\nZinc Gluconate&#8230;&#8230;&#8230;&#8230;&#8230;&#8230;&#8230;&#8230;&#8230;&#8230;.20mg<br \/>\nThymomodulin&#8230;&#8230;&#8230;&#8230;&#8230;&#8230;&#8230;&#8230;&#8230;&#8230;..10mg<br \/>\nTaurine&#8230;&#8230;&#8230;&#8230;&#8230;&#8230;&#8230;&#8230;&#8230;&#8230;&#8230;&#8230;&#8230;&#8230;.10mg<br \/>\nVitamin B3 (Nicotinamide)&#8230;&#8230;&#8230;&#8230;&#8230;4mg<br \/>\nVitamin B1 (Thiamine Nitrate)&#8230;&#8230;&#8230;&#8230;1mg<br \/>\nVitamin B2 (Riboflavin)&#8230;&#8230;&#8230;&#8230;&#8230;&#8230;&#8230;.1mg<br \/>\nVitamin B6 (Pyridoxine Hydrochloride)&#8230;1mg<br \/>\nOther ingredients: Sucrose, sodium benzoate (INS 211), lactic acid (INS 270), sodium edetate (INS 386), sodium hydrophosphate, orange essential oil, caramel, ethanol 96%, purified water.<\/p>\n<h1><strong>Uses:<\/strong><\/h1>\n<p>Supplements certain vitamins, amino acids, and zinc.<br \/>\nHelps boost immunity and improves appetite in children.<\/p>\n<h1><strong>Directions for Use and Dosage:<\/strong><\/h1>\n<ul>\n<li>Children aged 1-3 years: Take 1 vial daily.<\/li>\n<li>Children aged 4-12 years: Take 1 vial, twice a day.<\/li>\n<li>Adults and children over 12 years: Take 2 vials, three times a day.<\/li>\n<li>For best results, use for at least 20-30 days.<\/li>\n<\/ul>\n<h1><strong>Additional Information:<\/strong><\/h1>\n<p><strong>Target Users:<\/strong><\/p>\n<ul>\n<li>Adults and children with weak immune systems suffering from upper respiratory tract infections.<\/li>\n<li>Children with poor appetite, difficulty eating, being underweight, fatigue, and malnutrition.<\/li>\n<\/ul>\n<p><strong>Packaging:<\/strong> Box of 20 vials x 10ml.<br \/>\nThis product is not a medicine and is not intended to replace medications.<\/p>\n<p><strong>Manufacturer and Responsible Entity:<\/strong><\/p>\n<p>H\u00e0 T\u00e2y Pharmaceutical Joint Stock Company<\/p>\n<p>Address: 10, Alley 4, X\u00f3m Street, Ph\u00fa L\u00e3m Ward, H\u00e0 \u0110\u00f4ng, H\u00e0 N\u1ed9i<\/p>\n<p><strong>Distributor:<\/strong><\/p>\n<p>Hataphar Healthcare Vietnam High-Tech Pharmaceutical Joint Stock Company<\/p>\n<p>Address: 80 Quang Trung, H\u00e0 \u0110\u00f4ng, H\u00e0 N\u1ed9i<\/p>\n<p>Hotline: 1900 66 88 34<\/p>\n<p>Product Registration Number: 569\/2020\/\u0110KSP<\/p>\n<p>Quality Inspection Number: 576\/2021\/XNQC-ATTP<\/p>\n","protected":false},"excerpt":{"rendered":"<p>Supplements certain vitamins, amino acids, and zinc.<br \/>\nHelps boost immunity and improves appetite in children.<\/p>\n","protected":false},"featured_media":2268,"template":"","meta":[],"product_cat":[148],"product_tag":[],"class_list":{"0":"post-3016","1":"product","2":"type-product","3":"status-publish","4":"has-post-thumbnail","6":"product_cat-functional-foods","8":"first","9":"instock","10":"shipping-taxable","11":"product-type-simple"},"acf":[],"_links":{"self":[{"href":"https:\/\/hataphar.com.vn\/en\/wp-json\/wp\/v2\/product\/3016","targetHints":{"allow":["GET"]}}],"collection":[{"href":"https:\/\/hataphar.com.vn\/en\/wp-json\/wp\/v2\/product"}],"about":[{"href":"https:\/\/hataphar.com.vn\/en\/wp-json\/wp\/v2\/types\/product"}],"wp:featuredmedia":[{"embeddable":true,"href":"https:\/\/hataphar.com.vn\/en\/wp-json\/wp\/v2\/media\/2268"}],"wp:attachment":[{"href":"https:\/\/hataphar.com.vn\/en\/wp-json\/wp\/v2\/media?parent=3016"}],"wp:term":[{"taxonomy":"product_cat","embeddable":true,"href":"https:\/\/hataphar.com.vn\/en\/wp-json\/wp\/v2\/product_cat?post=3016"},{"taxonomy":"product_tag","embeddable":true,"href":"https:\/\/hataphar.com.vn\/en\/wp-json\/wp\/v2\/product_tag?post=3016"}],"curies":[{"name":"wp","href":"https:\/\/api.w.org\/{rel}","templated":true}]}}