

























{"id":3013,"date":"2024-08-21T10:38:03","date_gmt":"2024-08-21T10:38:03","guid":{"rendered":"https:\/\/hataphar.com.vn\/product\/tpbvsk-calcido-dang-vi\/"},"modified":"2024-08-21T10:38:03","modified_gmt":"2024-08-21T10:38:03","slug":"tpbvsk-calcido-dang-vi","status":"publish","type":"product","link":"https:\/\/hataphar.com.vn\/en\/product\/tpbvsk-calcido-dang-vi\/","title":{"rendered":"TPBVSK Calcido (d\u1ea1ng v\u1ec9)"},"content":{"rendered":"<h1><strong>Ingredients:<\/strong><\/h1>\n<p><strong>Each capsule contains:<\/strong><br \/>\nAquamin F&#8230;&#8230;&#8230;&#8230;&#8230;&#8230;&#8230;&#8230;&#8230;&#8230;&#8230;&#8230;&#8230;780 mg<br \/>\n(Equivalent to Calcium&#8230;&#8230;&#8230;&#8230;&#8230;&#8230;&#8230;250 mg)<br \/>\nVitamin D3 (Cholecalciferol)&#8230;&#8230;&#8230;&#8230;.200 IU<br \/>\nVitamin K2 (MK7)&#8230;&#8230;&#8230;&#8230;&#8230;&#8230;&#8230;&#8230;&#8230;&#8230;50 mcg<\/p>\n<h1><strong>Uses:<\/strong><\/h1>\n<p>Calcido provides calcium, Vitamin D3, and Vitamin K2 (MK7). It helps reduce the risk of osteoporosis and supports healthy bones and teeth.<\/p>\n<h1><strong>Directions for Use and Dosage:<\/strong><\/h1>\n<ul>\n<li>Children aged 6 and above: Take 1 capsule daily after breakfast.<\/li>\n<li>Adults, pregnant women, and breastfeeding women: Take 2 capsules daily after meals, one in the morning and one at noon.<\/li>\n<\/ul>\n<h1><strong>Additional Information:<\/strong><\/h1>\n<p><strong>Target Users:<\/strong><\/p>\n<ul>\n<li>Children in their growth phase at risk of calcium deficiency.<\/li>\n<li>Individuals with osteoporosis.<\/li>\n<li>Pregnant and breastfeeding women with high calcium needs.<\/li>\n<\/ul>\n<p><strong>Packaging:<\/strong> Box of 3 blisters x 10 capsules.<\/p>\n<p>This product is not a medicine and is not intended to replace medications.<\/p>\n<p><strong>Manufacturer and Responsible Entity:<\/strong><\/p>\n<p>H\u00e0 T\u00e2y Pharmaceutical Joint Stock Company<\/p>\n<p>Address: 10, Alley 4, X\u00f3m Street, Ph\u00fa L\u00e3m Ward, H\u00e0 \u0110\u00f4ng, H\u00e0 N\u1ed9i<\/p>\n<p><strong>Distributor:<\/strong><\/p>\n<p>H\u00e0 T\u00e2y Pharmaceutical Joint Stock Company<\/p>\n<p>Address: 10A Quang Trung, Quang Trung Ward, H\u00e0 \u0110\u00f4ng District, H\u00e0 N\u1ed9i<\/p>\n<p>Hotline: 1900 66 88 34<\/p>\n<p>Product Registration Number: 8768\/2019\/\u0110KSP<\/p>\n<p>Quality Inspection Number: 00223\/2020\/XNQC-ATTP<\/p>\n","protected":false},"excerpt":{"rendered":"<p>Calcido provides calcium, Vitamin D3, and Vitamin K2 (MK7). It helps reduce the risk of osteoporosis and supports healthy bones and teeth.<\/p>\n","protected":false},"featured_media":2269,"template":"","meta":[],"product_cat":[148],"product_tag":[],"class_list":{"0":"post-3013","1":"product","2":"type-product","3":"status-publish","4":"has-post-thumbnail","6":"product_cat-functional-foods","8":"first","9":"instock","10":"shipping-taxable","11":"product-type-simple"},"acf":[],"_links":{"self":[{"href":"https:\/\/hataphar.com.vn\/en\/wp-json\/wp\/v2\/product\/3013","targetHints":{"allow":["GET"]}}],"collection":[{"href":"https:\/\/hataphar.com.vn\/en\/wp-json\/wp\/v2\/product"}],"about":[{"href":"https:\/\/hataphar.com.vn\/en\/wp-json\/wp\/v2\/types\/product"}],"wp:featuredmedia":[{"embeddable":true,"href":"https:\/\/hataphar.com.vn\/en\/wp-json\/wp\/v2\/media\/2269"}],"wp:attachment":[{"href":"https:\/\/hataphar.com.vn\/en\/wp-json\/wp\/v2\/media?parent=3013"}],"wp:term":[{"taxonomy":"product_cat","embeddable":true,"href":"https:\/\/hataphar.com.vn\/en\/wp-json\/wp\/v2\/product_cat?post=3013"},{"taxonomy":"product_tag","embeddable":true,"href":"https:\/\/hataphar.com.vn\/en\/wp-json\/wp\/v2\/product_tag?post=3013"}],"curies":[{"name":"wp","href":"https:\/\/api.w.org\/{rel}","templated":true}]}}