

























{"id":3012,"date":"2024-08-21T10:40:45","date_gmt":"2024-08-21T10:40:45","guid":{"rendered":"https:\/\/hataphar.com.vn\/product\/tpbvsk-vien-xuong-khop-bone-plus\/"},"modified":"2024-08-21T10:40:45","modified_gmt":"2024-08-21T10:40:45","slug":"tpbvsk-vien-xuong-khop-bone-plus","status":"publish","type":"product","link":"https:\/\/hataphar.com.vn\/en\/product\/tpbvsk-vien-xuong-khop-bone-plus\/","title":{"rendered":"TPBVSK Vi\u00ean x\u01b0\u01a1ng kh\u1edbp Bone Plus"},"content":{"rendered":"<h1><strong>Ingredients: <\/strong><\/h1>\n<p><strong>Each capsule contains: <\/strong><\/p>\n<p>Composite Dry Extract 110 mg, corresponding to:<\/p>\n<p>(Thien Nien Kien 300 mg \u00a0||\u00a0 Hy Thi\u00eam 300 mg \u00a0|| Cinnamon Twig 50 mg \u00a0||\u00a0 Achyranthes Root 100 mg \u00a0||\u00a0 Ligusticum Root 100 mg)<\/p>\n<p>Green-lipped Mussel Extract 3 mg<\/p>\n<p>Boswellin 30 mg<\/p>\n<p>Calcium Gluconate 50 mg<\/p>\n<p>Glycine 30 mg<\/p>\n<p>Sodium Chondroitin Sulfate 10 mg<\/p>\n<p>MSM (Methyl Sulfonyl Methane) 10 mg<\/p>\n<p>Vitamin B1 (Thiamine Mononitrate) 1 mg<\/p>\n<p>Vitamin B2 (Riboflavin) 1 mg<\/p>\n<p>Vitamin B6 (Pyridoxine Hydrochloride) 1 mg<\/p>\n<h1><strong>Uses: <\/strong><\/h1>\n<p>Helps improve blood circulation and supports the relief of symptoms associated with joint degeneration, such as joint pain, reduced joint degeneration, and improved joint mobility.<\/p>\n<h1><strong>Directions for Use and Dosage: <\/strong><\/h1>\n<p>Take 2-3 capsules, twice daily, 30 minutes before meals.<\/p>\n<p>For best results, use regularly.<\/p>\n<h1><strong>Additional Information: <\/strong><\/h1>\n<h3><strong>Target Users: <\/strong><\/h3>\n<p>Individuals with osteoarthritis, rheumatoid arthritis, or herniated discs.<\/p>\n<p>Those experiencing joint dryness, stiffness, and difficulty in movement.<\/p>\n<p><strong>Packaging: <\/strong>Box of 3 blisters x 10 capsules.<\/p>\n<p>This product is not a medicine and is not intended to replace medications.<\/p>\n<p><strong>Manufacturer and Responsible Entity: <\/strong><\/p>\n<p>H\u00e0 T\u00e2y Pharmaceutical Joint Stock Company<\/p>\n<p>Address: 10, Alley 4, X\u00f3m Street, Ph\u00fa L\u00e3m Ward, H\u00e0 \u0110\u00f4ng, H\u00e0 N\u1ed9i<\/p>\n<p><strong>Distributor: <\/strong><\/p>\n<p>Hataphar Healthcare Vietnam Joint Stock Company<\/p>\n<p>Address: 80 Quang Trung, H\u00e0 \u0110\u00f4ng, H\u00e0 N\u1ed9i<\/p>\n<p>Hotline: 1900 66 88 34<\/p>\n<p>Product Registration Number: 12366\/2020\/\u0110KSP<\/p>\n<p>Quality Inspection Number: 1864\/2021\/XNQC-ATTP<\/p>\n","protected":false},"excerpt":{"rendered":"<p>Helps improve blood circulation and supports the relief of symptoms associated with joint degeneration, such as joint pain, reduced joint degeneration, and improved joint mobility.<\/p>\n","protected":false},"featured_media":2270,"template":"","meta":[],"product_cat":[148],"product_tag":[],"class_list":{"0":"post-3012","1":"product","2":"type-product","3":"status-publish","4":"has-post-thumbnail","6":"product_cat-functional-foods","8":"first","9":"instock","10":"shipping-taxable","11":"product-type-simple"},"acf":[],"_links":{"self":[{"href":"https:\/\/hataphar.com.vn\/en\/wp-json\/wp\/v2\/product\/3012","targetHints":{"allow":["GET"]}}],"collection":[{"href":"https:\/\/hataphar.com.vn\/en\/wp-json\/wp\/v2\/product"}],"about":[{"href":"https:\/\/hataphar.com.vn\/en\/wp-json\/wp\/v2\/types\/product"}],"wp:featuredmedia":[{"embeddable":true,"href":"https:\/\/hataphar.com.vn\/en\/wp-json\/wp\/v2\/media\/2270"}],"wp:attachment":[{"href":"https:\/\/hataphar.com.vn\/en\/wp-json\/wp\/v2\/media?parent=3012"}],"wp:term":[{"taxonomy":"product_cat","embeddable":true,"href":"https:\/\/hataphar.com.vn\/en\/wp-json\/wp\/v2\/product_cat?post=3012"},{"taxonomy":"product_tag","embeddable":true,"href":"https:\/\/hataphar.com.vn\/en\/wp-json\/wp\/v2\/product_tag?post=3012"}],"curies":[{"name":"wp","href":"https:\/\/api.w.org\/{rel}","templated":true}]}}