

























{"id":2835,"date":"2024-08-21T10:47:49","date_gmt":"2024-08-21T10:47:49","guid":{"rendered":"https:\/\/hataphar.com.vn\/product\/tpbvsk-nattoki-dht\/"},"modified":"2024-08-21T10:47:49","modified_gmt":"2024-08-21T10:47:49","slug":"tpbvsk-nattoki-dht","status":"publish","type":"product","link":"https:\/\/hataphar.com.vn\/en\/product\/tpbvsk-nattoki-dht\/","title":{"rendered":"TPBVSK Nattoki &#8211; DHT"},"content":{"rendered":"<div class=\"rl_tabs-responsive nn_tabs-responsive\">\n<div class=\"rl_tabs nn_tabs outline_handles outline_content top align_left rl_tabs-responsive nn_tabs-responsive has_effects\" role=\"presentation\">\n<div class=\"tab-content\">\n<div id=\"thanh-phan\" class=\"tab-pane rl_tabs-pane nn_tabs-pane active fade in\" role=\"tabpanel\" aria-labelledby=\"tab-thanh-phan\" aria-hidden=\"false\">\n<h2><strong>Th\u00e0nh ph\u1ea7n Nattoki &#8211; DHT<\/strong><\/h2>\n<p><strong>M\u1ed7i\u00a0vi\u00ean nang c\u1ee9ng ch\u1ee9a:<\/strong><\/p>\n<p>Nattokinase&#8230;&#8230;&#8230;&#8230;&#8230;&#8230;&#8230;&#8230;&#8230;&#8230;&#8230;&#8230;..1500 FU<\/p>\n<p>Coenzyme Q10&#8230;&#8230;&#8230;&#8230;&#8230;&#8230;&#8230;&#8230;&#8230;&#8230;&#8230;10mg<\/p>\n<p>Th\u00e0nh ph\u1ea7n kh\u00e1c: Avicel 102 ( INS 460i), b\u1ed9t talc ( INS 553iii), magnesi stearat ( INS 470i).<\/p>\n<\/div>\n<\/div>\n<\/div>\n<\/div>\n<h2 id=\"fb-root\" class=\" fb_reset\"><strong>C\u00f4ng d\u1ee5ng Nattoki &#8211; DHT<\/strong><\/h2>\n<div class=\"rl_tabs-responsive nn_tabs-responsive\">\n<div class=\"rl_tabs nn_tabs outline_handles outline_content top align_left rl_tabs-responsive nn_tabs-responsive has_effects\" role=\"presentation\">\n<div class=\"tab-content\">\n<div id=\"cong-dung\" class=\"tab-pane rl_tabs-pane nn_tabs-pane fade active in\" role=\"tabpanel\" aria-labelledby=\"tab-cong-dung\" aria-hidden=\"false\">\n<p>H\u1ed7 tr\u1ee3 gi\u1ea3m nguy c\u01a1 h\u00ecnh th\u00e0nh v\u00e0 l\u00e0m tan c\u1ee5c m\u00e1u \u0111\u00f4ng, h\u1ed7 tr\u1ee3 gi\u1ea3m nguy c\u01a1 tai bi\u1ebfn m\u1ea1ch m\u00e1u n\u00e3o do t\u1eafc m\u1ea1ch<\/p>\n<\/div>\n<\/div>\n<\/div>\n<\/div>\n<div id=\"fb-root\" class=\" fb_reset\">\n<div>\n<div>\n<div class=\"rl_tabs-responsive nn_tabs-responsive\">\n<div class=\"rl_tabs nn_tabs outline_handles outline_content top align_left rl_tabs-responsive nn_tabs-responsive has_effects\" role=\"presentation\">\n<div class=\"tab-content\">\n<div id=\"cong-dung-lieu-dung\" class=\"tab-pane rl_tabs-pane nn_tabs-pane fade active in\" role=\"tabpanel\" aria-labelledby=\"tab-cong-dung-lieu-dung\" aria-hidden=\"false\">\n<h2><strong>C\u00e1ch d\u00f9ng &#8211; Li\u1ec1u d\u00f9ng<\/strong><\/h2>\n<p>U\u1ed1ng 2 vi\u00ean\/ ng\u00e0y chia 2 l\u1ea7n s\u00e1ng, t\u1ed1i. N\u00ean u\u1ed1ng tr\u01b0\u1edbc b\u1eefa \u0103n 30 ph\u00fat ho\u1eb7c sau \u0103n 1 gi\u1edd.<\/p>\n<div class=\"rl_tabs-responsive nn_tabs-responsive\">\n<div class=\"rl_tabs nn_tabs outline_handles outline_content top align_left rl_tabs-responsive nn_tabs-responsive has_effects\" role=\"presentation\">\n<div class=\"tab-content\">\n<div id=\"thong-tin-them\" class=\"tab-pane rl_tabs-pane nn_tabs-pane fade active in\" role=\"tabpanel\" aria-labelledby=\"tab-thong-tin-them\" aria-hidden=\"false\">\n<h2><strong>Th\u00f4ng tin th\u00eam<\/strong><\/h2>\n<p><strong>\u0110\u1ed1i t\u01b0\u1ee3ng s\u1eed d\u1ee5ng<\/strong><\/p>\n<p>&#8211;\u00a0Ng\u01b0\u1eddi m\u1eafc ch\u1ee9ng huy\u1ebft kh\u1ed1i, cao huy\u1ebft \u00e1p, \u0111au th\u1eaft ng\u1ef1c<\/p>\n<p>&#8211;\u00a0Ng\u01b0\u1eddi c\u00f3 nguy c\u01a1 tai bi\u1ebfn m\u1ea1ch m\u00e1u n\u00e3o do t\u1eafc m\u1ea1ch<\/p>\n<p><strong>Quy c\u00e1ch:<\/strong><\/p>\n<p>H\u1ed9p 3 v\u1ec9 x 10 vi\u00ean nang c\u1ee9ng, h\u1ed9p 6 v\u1ec9 x 10 vi\u00ean nang c\u1ee9ng<\/p>\n<p>H\u1ed9p 1 l\u1ecd x 60 vi\u00ean nang c\u1ee9ng, h\u1ed9p 1 l\u1ecd x 90 vi\u00ean nang c\u1ee9ng<\/p>\n<p>Th\u1ef1c ph\u1ea9m n\u00e0y kh\u00f4ng ph\u1ea3i l\u00e0 thu\u1ed1c v\u00e0 kh\u00f4ng c\u00f3 t\u00e1c d\u1ee5ng thay th\u1ebf thu\u1ed1c ch\u1eefa b\u1ec7nh<\/p>\n<p><strong>Th\u01b0\u01a1ng nh\u00e2n s\u1ea3n xu\u1ea5t v\u00e0 ch\u1ecbu tr\u00e1ch nhi\u1ec7m s\u1ea3n ph\u1ea9m:<\/strong><\/p>\n<p>C\u00f4ng ty C\u1ed5 ph\u1ea7n D\u01b0\u1ee3c v\u00e0 thi\u1ebft b\u1ecb y t\u1ebf H\u00e0 T\u00e2y<\/p>\n<p>\u0110\u1ecba ch\u1ec9: S\u1ed1 10 ng\u00f5 4, Ph\u1ed1 X\u1ed1m, ph\u01b0\u1eddng Ph\u00fa L\u00e3m, H\u00e0 \u0110\u00f4ng, H\u00e0 N\u1ed9i<\/p>\n<p><strong>C\u00f4ng ty ph\u00e2n ph\u1ed1i:<\/strong><\/p>\n<p>C\u00f4ng ty C\u1ed5 ph\u1ea7n D\u01b0\u1ee3c ph\u1ea9m C\u00f4ng ngh\u1ec7 cao Hataphar Healthcare Vi\u1ec7t Nam<\/p>\n<p>\u0110\u1ecba ch\u1ec9: 80 Quang Trung, H\u00e0 \u0110\u00f4ng, H\u00e0 N\u1ed9i<\/p>\n<p>Hotline: 1900 66 88 34<\/p>\n<p>S\u1ed1 \u0110KSP: 3578\/2020\/\u0110KSP\u00a0 \u00a0 \u00a0 \u00a0 \u00a0 \u00a0 \u00a0 \u00a0 \u00a0 \u00a0 \u00a0S\u1ed1 XNQC: 473\/2021\/XNQC-ATTP<\/p>\n<\/div>\n<\/div>\n<\/div>\n<\/div>\n<\/div>\n<\/div>\n<\/div>\n<\/div>\n<\/div>\n<\/div>\n<\/div>\n<div class=\"fb-comments fb_iframe_widget fb_iframe_widget_fluid_desktop\" data-href=\"http:\/\/hataphar.com.vn\/san-pham\/thuc-pham-chuc-nang\/4059-nattoki-dht.html\" data-num-posts=\"4\" data-width=\"100%\"><\/div>\n","protected":false},"excerpt":{"rendered":"<pre id=\"tw-target-text\" class=\"tw-data-text tw-text-large tw-ta\" dir=\"ltr\" data-placeholder=\"B\u1ea3n d\u1ecbch\" aria-label=\"B\u1ea3n d\u1ecbch\" data-ved=\"2ahUKEwjwpa-4xZGIAxUvklYBHWo2KDkQ3ewLegQIBxAU\"><span class=\"Y2IQFc\" lang=\"en\">Helps reduce the risk of forming and dissolving blood clots, helping to reduce the risk of stroke due to embolism<\/span><\/pre>\n","protected":false},"featured_media":2272,"template":"","meta":[],"product_cat":[148],"product_tag":[],"class_list":{"0":"post-2835","1":"product","2":"type-product","3":"status-publish","4":"has-post-thumbnail","6":"product_cat-functional-foods","8":"first","9":"instock","10":"shipping-taxable","11":"product-type-simple"},"acf":[],"_links":{"self":[{"href":"https:\/\/hataphar.com.vn\/en\/wp-json\/wp\/v2\/product\/2835","targetHints":{"allow":["GET"]}}],"collection":[{"href":"https:\/\/hataphar.com.vn\/en\/wp-json\/wp\/v2\/product"}],"about":[{"href":"https:\/\/hataphar.com.vn\/en\/wp-json\/wp\/v2\/types\/product"}],"wp:featuredmedia":[{"embeddable":true,"href":"https:\/\/hataphar.com.vn\/en\/wp-json\/wp\/v2\/media\/2272"}],"wp:attachment":[{"href":"https:\/\/hataphar.com.vn\/en\/wp-json\/wp\/v2\/media?parent=2835"}],"wp:term":[{"taxonomy":"product_cat","embeddable":true,"href":"https:\/\/hataphar.com.vn\/en\/wp-json\/wp\/v2\/product_cat?post=2835"},{"taxonomy":"product_tag","embeddable":true,"href":"https:\/\/hataphar.com.vn\/en\/wp-json\/wp\/v2\/product_tag?post=2835"}],"curies":[{"name":"wp","href":"https:\/\/api.w.org\/{rel}","templated":true}]}}