

























{"id":2042,"date":"2024-08-21T10:44:53","date_gmt":"2024-08-21T10:44:53","guid":{"rendered":"https:\/\/hataphar.com.vn\/?post_type=product&#038;p=2042"},"modified":"2024-08-21T10:44:53","modified_gmt":"2024-08-21T10:44:53","slug":"tpbvsk-calcido-dang-lo","status":"publish","type":"product","link":"https:\/\/hataphar.com.vn\/en\/product\/tpbvsk-calcido-dang-lo\/","title":{"rendered":"TPBVSK Calcido ( d\u1ea1ng l\u1ecd)"},"content":{"rendered":"<h2><strong>Th\u00e0nh ph\u1ea7n Calcido d\u1ea1ng l\u1ecd<\/strong><\/h2>\n<p><strong>M\u1ed7i\u00a0vi\u00ean nang ch\u1ee9a:<\/strong><\/p>\n<p>Aquamin F&#8230;&#8230;&#8230;&#8230;&#8230;&#8230;&#8230;&#8230;&#8230;&#8230;&#8230;&#8230;..780 mg<\/p>\n<p>(T\u01b0\u01a1ng \u1ee9ng v\u1edbi calci&#8230;&#8230;&#8230;&#8230;&#8230;&#8230;&#8230;250 mg)<\/p>\n<p>Vitamin D3 (Cholecalciferol)&#8230;&#8230;&#8230;..200 IU<\/p>\n<p>Vitamin K2 (MK7)&#8230;&#8230;&#8230;&#8230;&#8230;&#8230;&#8230;&#8230;..50 mcg<\/p>\n<h2><strong>C\u00f4ng d\u1ee5ng Calcido d\u1ea1ng l\u1ecd<\/strong><\/h2>\n<p>Calcido b\u1ed5 xung canxi, Vitamin D3, Vitamin K2 (MK7). H\u1ed7 tr\u1ee3 h\u1ea1n ch\u1ebf t\u00ecnh tr\u1ea1ng lo\u00e3ng x\u01b0\u01a1ng, b\u1ed5 sung canxi gi\u00fap x\u01b0\u01a1ng, r\u0103ng ch\u1eafc kh\u1ecfe<\/p>\n<h2><strong>C\u00e1ch d\u00f9ng &#8211; Li\u1ec1u d\u00f9ng<\/strong><\/h2>\n<p>Tr\u1ebb t\u1eeb 6 tu\u1ed5i tr\u1edf l\u00ean ng\u00e0y s\u1eed d\u1ee5ng 1 vi\u00ean sau khi \u0103n v\u00e0o bu\u1ed5i s\u00e1ng<\/p>\n<p>Ng\u01b0\u1eddi l\u1edbn, ph\u1ee5 n\u1eef c\u00f3 thai, cho con b\u00fa: Ng\u00e0y s\u1eed d\u1ee5ng 2 vi\u00ean sau \u0103n, m\u1ed9t vi\u00ean bu\u1ed5i s\u00e1ng, m\u1ed9t vi\u00ean bu\u1ed5i tr\u01b0a<\/p>\n<h2><strong>Th\u00f4ng tin th\u00eam<\/strong><\/h2>\n<p><strong>\u0110\u1ed1i t\u01b0\u1ee3ng s\u1eed d\u1ee5ng<\/strong><\/p>\n<p>&#8211;\u00a0Tr\u1ebb em \u0111ang trong th\u1eddi k\u1ef3 ph\u00e1t tri\u1ec3n, tr\u1ebb c\u00f3 nguy c\u01a1 b\u1ecb thi\u1ebfu calci<\/p>\n<p>&#8211;\u00a0Ng\u01b0\u1eddi b\u1ecb lo\u00e3ng x\u01b0\u01a1ng<\/p>\n<p>&#8211;\u00a0Ph\u1ee5 n\u1eef c\u00f3 thai, cho con b\u00fa c\u00f3 nhu c\u1ea7u calci cao<\/p>\n<p><strong>Quy c\u00e1ch:<\/strong>\u00a0L\u1ecd 30 vi\u00ean<\/p>\n<p>Th\u1ef1c ph\u1ea9m n\u00e0y kh\u00f4ng ph\u1ea3i l\u00e0 thu\u1ed1c v\u00e0 kh\u00f4ng c\u00f3 t\u00e1c d\u1ee5ng thay th\u1ebf thu\u1ed1c ch\u1eefa b\u1ec7nh<\/p>\n<p><strong>Th\u01b0\u01a1ng nh\u00e2n s\u1ea3n xu\u1ea5t v\u00e0 ch\u1ecbu tr\u00e1ch nhi\u1ec7m s\u1ea3n ph\u1ea9m:<\/strong><\/p>\n<p>C\u00f4ng ty C\u1ed5 ph\u1ea7n D\u01b0\u1ee3c v\u00e0 thi\u1ebft b\u1ecb y t\u1ebf H\u00e0 T\u00e2y<\/p>\n<p>\u0110\u1ecba ch\u1ec9: S\u1ed1 10 ng\u00f5 4, Ph\u1ed1 X\u1ed1m, ph\u01b0\u1eddng Ph\u00fa L\u00e3m, H\u00e0 \u0110\u00f4ng, H\u00e0 N\u1ed9i<\/p>\n<p><strong>C\u00f4ng ty ph\u00e2n ph\u1ed1i:<\/strong><\/p>\n<p>C\u00f4ng ty C\u1ed5 ph\u1ea7n D\u01b0\u1ee3c ph\u1ea9m H\u00e0 T\u00e2y<\/p>\n<p>\u0110\u1ecba ch\u1ec9: 10A Quang Trung, ph\u01b0\u1eddng Quang Trung, qu\u1eadn H\u00e0 \u0110\u00f4ng, H\u00e0 N\u1ed9i<\/p>\n<p>Hotline: 1900 66 88 34<\/p>\n<p>S\u1ed1 \u0110KSP: 8768\/2019\/\u0110KSP\u00a0 \u00a0 \u00a0 \u00a0 \u00a0 \u00a0 \u00a0 \u00a0 \u00a0 \u00a0 \u00a0S\u1ed1 XNQC: 00223\/2020\/XNQC-ATTP<\/p>\n","protected":false},"excerpt":{"rendered":"<p>Th\u00e0nh ph\u1ea7n Calcido d\u1ea1ng l\u1ecd M\u1ed7i\u00a0vi\u00ean nang ch\u1ee9a: Aquamin F&#8230;&#8230;&#8230;&#8230;&#8230;&#8230;&#8230;&#8230;&#8230;&#8230;&#8230;&#8230;..780 mg (T\u01b0\u01a1ng \u1ee9ng v\u1edbi calci&#8230;&#8230;&#8230;&#8230;&#8230;&#8230;&#8230;250 mg) Vitamin D3 (Cholecalciferol)&#8230;&#8230;&#8230;..200 IU Vitamin K2 (MK7)&#8230;&#8230;&#8230;&#8230;&#8230;&#8230;&#8230;&#8230;..50 mcg C\u00f4ng d\u1ee5ng Calcido d\u1ea1ng l\u1ecd Calcido b\u1ed5 xung canxi, Vitamin D3, Vitamin K2 (MK7). H\u1ed7 tr\u1ee3 h\u1ea1n ch\u1ebf t\u00ecnh tr\u1ea1ng lo\u00e3ng x\u01b0\u01a1ng, b\u1ed5 sung canxi gi\u00fap x\u01b0\u01a1ng, r\u0103ng ch\u1eafc kh\u1ecfe C\u00e1ch [&#8230;]\n","protected":false},"featured_media":2044,"template":"","meta":[],"product_cat":[148],"product_tag":[],"class_list":{"0":"post-2042","1":"product","2":"type-product","3":"status-publish","4":"has-post-thumbnail","6":"product_cat-functional-foods","8":"first","9":"instock","10":"shipping-taxable","11":"product-type-simple"},"acf":[],"_links":{"self":[{"href":"https:\/\/hataphar.com.vn\/en\/wp-json\/wp\/v2\/product\/2042","targetHints":{"allow":["GET"]}}],"collection":[{"href":"https:\/\/hataphar.com.vn\/en\/wp-json\/wp\/v2\/product"}],"about":[{"href":"https:\/\/hataphar.com.vn\/en\/wp-json\/wp\/v2\/types\/product"}],"wp:featuredmedia":[{"embeddable":true,"href":"https:\/\/hataphar.com.vn\/en\/wp-json\/wp\/v2\/media\/2044"}],"wp:attachment":[{"href":"https:\/\/hataphar.com.vn\/en\/wp-json\/wp\/v2\/media?parent=2042"}],"wp:term":[{"taxonomy":"product_cat","embeddable":true,"href":"https:\/\/hataphar.com.vn\/en\/wp-json\/wp\/v2\/product_cat?post=2042"},{"taxonomy":"product_tag","embeddable":true,"href":"https:\/\/hataphar.com.vn\/en\/wp-json\/wp\/v2\/product_tag?post=2042"}],"curies":[{"name":"wp","href":"https:\/\/api.w.org\/{rel}","templated":true}]}}